{"id":64,"date":"2024-10-28T09:27:45","date_gmt":"2024-10-28T08:27:45","guid":{"rendered":"https:\/\/aumfilms.eu\/?page_id=64"},"modified":"2025-01-27T15:39:19","modified_gmt":"2025-01-27T14:39:19","slug":"no-es-facil","status":"publish","type":"page","link":"https:\/\/aumfilms.eu\/?page_id=64","title":{"rendered":"No es facil"},"content":{"rendered":"\n<h2 class=\"wp-block-heading has-text-color has-link-color has-body-font-family wp-elements-49f40df2c86a44689db2cc6dfd0e9a64\" style=\"color:#e7ab49;font-size:clamp(42.901px, 2.681rem + ((1vw - 3.2px) * 4.073), 82px);font-style:normal;font-weight:800\">No es facil<\/h2>\n\n\n\n<div class=\"wp-block-group is-nowrap is-layout-flex wp-container-core-group-is-layout-6c531013 wp-block-group-is-layout-flex\">\n<h2 class=\"wp-block-heading has-accent-5-color has-text-color has-link-color wp-elements-9532724e41b320a778f8a2c2d2b7dc13\" style=\"padding-top:13px;font-size:clamp(14px, 0.875rem + ((1vw - 3.2px) * 0.625), 20px);\">un film de<\/h2>\n\n\n\n<h2 class=\"wp-block-heading has-text-color has-link-color has-body-font-family wp-elements-5836fcbb56788a9947ae48567c601d6c\" style=\"color:#1212125e;font-size:clamp(19.481px, 1.218rem + ((1vw - 3.2px) * 1.2), 31px);font-style:normal;font-weight:900\">Pablo Dota &amp; Bruno Flament<\/h2>\n<\/div>\n\n\n\n<p class=\"has-heading-font-family\"><br><br>Le p\u00eacheur Iosmaeli vit avec sa famille au bord de la mer. Chaque nuit il p\u00eache \u00e0 la lumi\u00e8re de la lune. Ils ont peu, mais leur joie de vivre ici est indicible.<br>Un jour un cyclone balaie de ses puissantes vagues leur cahute en bois. Alors que la s\u00e9curit\u00e9 civile les a port\u00e9s hors de tout danger dans une maison provisoire, ils aimeraient bien reconstruire cette vie d\u2019avant.<br><br><\/p>\n\n\n\n<figure class=\"wp-block-gallery alignfull has-nested-images columns-default is-cropped wp-block-gallery-1 is-layout-flex wp-block-gallery-is-layout-flex\">\n<figure class=\"wp-block-image size-large\"><img loading=\"lazy\" decoding=\"async\" width=\"1024\" height=\"576\" data-id=\"1142\" src=\"http:\/\/aumfilms.eu\/wp-content\/uploads\/2025\/01\/1-1-1024x576.jpg\" alt=\"\" class=\"wp-image-1142\" srcset=\"https:\/\/aumfilms.eu\/wp-content\/uploads\/2025\/01\/1-1-1024x576.jpg 1024w, https:\/\/aumfilms.eu\/wp-content\/uploads\/2025\/01\/1-1-300x169.jpg 300w, https:\/\/aumfilms.eu\/wp-content\/uploads\/2025\/01\/1-1-768x432.jpg 768w, https:\/\/aumfilms.eu\/wp-content\/uploads\/2025\/01\/1-1-1536x864.jpg 1536w, https:\/\/aumfilms.eu\/wp-content\/uploads\/2025\/01\/1-1.jpg 1920w\" sizes=\"auto, (max-width: 1024px) 100vw, 1024px\" \/><\/figure>\n\n\n\n<figure class=\"wp-block-image size-large\"><img loading=\"lazy\" decoding=\"async\" width=\"1024\" height=\"576\" data-id=\"1143\" src=\"http:\/\/aumfilms.eu\/wp-content\/uploads\/2025\/01\/2-1-1024x576.jpg\" alt=\"\" class=\"wp-image-1143\" srcset=\"https:\/\/aumfilms.eu\/wp-content\/uploads\/2025\/01\/2-1-1024x576.jpg 1024w, https:\/\/aumfilms.eu\/wp-content\/uploads\/2025\/01\/2-1-300x169.jpg 300w, https:\/\/aumfilms.eu\/wp-content\/uploads\/2025\/01\/2-1-768x432.jpg 768w, https:\/\/aumfilms.eu\/wp-content\/uploads\/2025\/01\/2-1-1536x864.jpg 1536w, https:\/\/aumfilms.eu\/wp-content\/uploads\/2025\/01\/2-1.jpg 1920w\" sizes=\"auto, (max-width: 1024px) 100vw, 1024px\" \/><\/figure>\n\n\n\n<figure class=\"wp-block-image size-large\"><img loading=\"lazy\" decoding=\"async\" width=\"1024\" height=\"576\" data-id=\"1151\" src=\"http:\/\/aumfilms.eu\/wp-content\/uploads\/2025\/01\/Gibara-Raoul-1024x576.jpg\" alt=\"\" class=\"wp-image-1151\" srcset=\"https:\/\/aumfilms.eu\/wp-content\/uploads\/2025\/01\/Gibara-Raoul-1024x576.jpg 1024w, https:\/\/aumfilms.eu\/wp-content\/uploads\/2025\/01\/Gibara-Raoul-300x169.jpg 300w, https:\/\/aumfilms.eu\/wp-content\/uploads\/2025\/01\/Gibara-Raoul-768x432.jpg 768w, https:\/\/aumfilms.eu\/wp-content\/uploads\/2025\/01\/Gibara-Raoul-1536x864.jpg 1536w, https:\/\/aumfilms.eu\/wp-content\/uploads\/2025\/01\/Gibara-Raoul.jpg 1920w\" sizes=\"auto, (max-width: 1024px) 100vw, 1024px\" \/><\/figure>\n\n\n\n<figure class=\"wp-block-image size-large\"><img loading=\"lazy\" decoding=\"async\" width=\"1024\" height=\"576\" data-id=\"1145\" src=\"http:\/\/aumfilms.eu\/wp-content\/uploads\/2025\/01\/8-1024x576.jpg\" alt=\"\" class=\"wp-image-1145\" srcset=\"https:\/\/aumfilms.eu\/wp-content\/uploads\/2025\/01\/8-1024x576.jpg 1024w, https:\/\/aumfilms.eu\/wp-content\/uploads\/2025\/01\/8-300x169.jpg 300w, https:\/\/aumfilms.eu\/wp-content\/uploads\/2025\/01\/8-768x432.jpg 768w, https:\/\/aumfilms.eu\/wp-content\/uploads\/2025\/01\/8-1536x864.jpg 1536w, https:\/\/aumfilms.eu\/wp-content\/uploads\/2025\/01\/8.jpg 1920w\" sizes=\"auto, (max-width: 1024px) 100vw, 1024px\" \/><\/figure>\n\n\n\n<figure class=\"wp-block-image size-large\"><img loading=\"lazy\" decoding=\"async\" width=\"1024\" height=\"576\" data-id=\"1146\" src=\"http:\/\/aumfilms.eu\/wp-content\/uploads\/2025\/01\/9-1024x576.jpg\" alt=\"\" class=\"wp-image-1146\" srcset=\"https:\/\/aumfilms.eu\/wp-content\/uploads\/2025\/01\/9-1024x576.jpg 1024w, https:\/\/aumfilms.eu\/wp-content\/uploads\/2025\/01\/9-300x169.jpg 300w, https:\/\/aumfilms.eu\/wp-content\/uploads\/2025\/01\/9-768x432.jpg 768w, https:\/\/aumfilms.eu\/wp-content\/uploads\/2025\/01\/9-1536x864.jpg 1536w, https:\/\/aumfilms.eu\/wp-content\/uploads\/2025\/01\/9.jpg 1920w\" sizes=\"auto, (max-width: 1024px) 100vw, 1024px\" \/><\/figure>\n\n\n\n<figure class=\"wp-block-image size-large\"><img loading=\"lazy\" decoding=\"async\" width=\"1024\" height=\"576\" data-id=\"1147\" src=\"http:\/\/aumfilms.eu\/wp-content\/uploads\/2025\/01\/10-1024x576.jpg\" alt=\"\" class=\"wp-image-1147\" srcset=\"https:\/\/aumfilms.eu\/wp-content\/uploads\/2025\/01\/10-1024x576.jpg 1024w, https:\/\/aumfilms.eu\/wp-content\/uploads\/2025\/01\/10-300x169.jpg 300w, https:\/\/aumfilms.eu\/wp-content\/uploads\/2025\/01\/10-768x432.jpg 768w, https:\/\/aumfilms.eu\/wp-content\/uploads\/2025\/01\/10-1536x864.jpg 1536w, https:\/\/aumfilms.eu\/wp-content\/uploads\/2025\/01\/10.jpg 1920w\" sizes=\"auto, (max-width: 1024px) 100vw, 1024px\" \/><\/figure>\n\n\n\n<figure class=\"wp-block-image size-large\"><img loading=\"lazy\" decoding=\"async\" width=\"1024\" height=\"576\" data-id=\"1148\" src=\"http:\/\/aumfilms.eu\/wp-content\/uploads\/2025\/01\/12-1024x576.jpg\" alt=\"\" class=\"wp-image-1148\" srcset=\"https:\/\/aumfilms.eu\/wp-content\/uploads\/2025\/01\/12-1024x576.jpg 1024w, https:\/\/aumfilms.eu\/wp-content\/uploads\/2025\/01\/12-300x169.jpg 300w, https:\/\/aumfilms.eu\/wp-content\/uploads\/2025\/01\/12-768x432.jpg 768w, https:\/\/aumfilms.eu\/wp-content\/uploads\/2025\/01\/12-1536x864.jpg 1536w, https:\/\/aumfilms.eu\/wp-content\/uploads\/2025\/01\/12.jpg 1920w\" sizes=\"auto, (max-width: 1024px) 100vw, 1024px\" \/><\/figure>\n\n\n\n<figure class=\"wp-block-image size-large\"><img loading=\"lazy\" decoding=\"async\" width=\"1024\" height=\"576\" data-id=\"1149\" src=\"http:\/\/aumfilms.eu\/wp-content\/uploads\/2025\/01\/13-1024x576.jpg\" alt=\"\" class=\"wp-image-1149\" srcset=\"https:\/\/aumfilms.eu\/wp-content\/uploads\/2025\/01\/13-1024x576.jpg 1024w, https:\/\/aumfilms.eu\/wp-content\/uploads\/2025\/01\/13-300x169.jpg 300w, https:\/\/aumfilms.eu\/wp-content\/uploads\/2025\/01\/13-768x432.jpg 768w, https:\/\/aumfilms.eu\/wp-content\/uploads\/2025\/01\/13-1536x864.jpg 1536w, https:\/\/aumfilms.eu\/wp-content\/uploads\/2025\/01\/13.jpg 1920w\" sizes=\"auto, (max-width: 1024px) 100vw, 1024px\" \/><\/figure>\n\n\n\n<figure class=\"wp-block-image size-large\"><img loading=\"lazy\" decoding=\"async\" width=\"1024\" height=\"576\" data-id=\"1150\" src=\"http:\/\/aumfilms.eu\/wp-content\/uploads\/2025\/01\/14-1024x576.jpg\" alt=\"\" class=\"wp-image-1150\" srcset=\"https:\/\/aumfilms.eu\/wp-content\/uploads\/2025\/01\/14-1024x576.jpg 1024w, https:\/\/aumfilms.eu\/wp-content\/uploads\/2025\/01\/14-300x169.jpg 300w, https:\/\/aumfilms.eu\/wp-content\/uploads\/2025\/01\/14-768x432.jpg 768w, https:\/\/aumfilms.eu\/wp-content\/uploads\/2025\/01\/14-1536x864.jpg 1536w, https:\/\/aumfilms.eu\/wp-content\/uploads\/2025\/01\/14.jpg 1920w\" sizes=\"auto, (max-width: 1024px) 100vw, 1024px\" \/><\/figure>\n<\/figure>\n\n\n\n<figure class=\"wp-block-embed alignwide is-type-video is-provider-vimeo wp-block-embed-vimeo wp-embed-aspect-16-9 wp-has-aspect-ratio\"><div class=\"wp-block-embed__wrapper\">\n<iframe loading=\"lazy\" title=\"No es f\u00e1cil -10mn-VOSTFR\" src=\"https:\/\/player.vimeo.com\/video\/117942089?dnt=1&amp;app_id=122963\" width=\"500\" height=\"281\" frameborder=\"0\" allow=\"autoplay; fullscreen; picture-in-picture; clipboard-write; encrypted-media\"><\/iframe>\n<\/div><\/figure>\n","protected":false},"excerpt":{"rendered":"<p>No es facil un film de Pablo Dota &amp; Bruno Flament Le p\u00eacheur Iosmaeli vit avec sa famille au bord de la mer. Chaque nuit il p\u00eache \u00e0 la lumi\u00e8re de la lune. Ils ont peu, mais leur joie de vivre ici est indicible.Un jour un cyclone balaie de ses puissantes vagues leur cahute en [&hellip;]<\/p>\n","protected":false},"author":1,"featured_media":0,"parent":0,"menu_order":0,"comment_status":"closed","ping_status":"closed","template":"","meta":{"footnotes":""},"class_list":["post-64","page","type-page","status-publish","hentry"],"_links":{"self":[{"href":"https:\/\/aumfilms.eu\/index.php?rest_route=\/wp\/v2\/pages\/64","targetHints":{"allow":["GET"]}}],"collection":[{"href":"https:\/\/aumfilms.eu\/index.php?rest_route=\/wp\/v2\/pages"}],"about":[{"href":"https:\/\/aumfilms.eu\/index.php?rest_route=\/wp\/v2\/types\/page"}],"author":[{"embeddable":true,"href":"https:\/\/aumfilms.eu\/index.php?rest_route=\/wp\/v2\/users\/1"}],"replies":[{"embeddable":true,"href":"https:\/\/aumfilms.eu\/index.php?rest_route=%2Fwp%2Fv2%2Fcomments&post=64"}],"version-history":[{"count":10,"href":"https:\/\/aumfilms.eu\/index.php?rest_route=\/wp\/v2\/pages\/64\/revisions"}],"predecessor-version":[{"id":1249,"href":"https:\/\/aumfilms.eu\/index.php?rest_route=\/wp\/v2\/pages\/64\/revisions\/1249"}],"wp:attachment":[{"href":"https:\/\/aumfilms.eu\/index.php?rest_route=%2Fwp%2Fv2%2Fmedia&parent=64"}],"curies":[{"name":"wp","href":"https:\/\/api.w.org\/{rel}","templated":true}]}}