{"id":422,"date":"2024-10-30T11:02:58","date_gmt":"2024-10-30T10:02:58","guid":{"rendered":"https:\/\/aumfilms.eu\/?page_id=422"},"modified":"2024-10-30T11:09:27","modified_gmt":"2024-10-30T10:09:27","slug":"la-passion-des-pierres","status":"publish","type":"page","link":"https:\/\/aumfilms.eu\/?page_id=422","title":{"rendered":"La passion des pierres"},"content":{"rendered":"\n<h2 class=\"wp-block-heading\">Andr\u00e9 Deluol<\/h2>\n\n\n\n<h2 class=\"wp-block-heading has-contrast-3-color has-text-color has-link-color wp-elements-fce20ec0fa44ae41f619a3c95f403628\" style=\"margin-top:0;margin-bottom:0;padding-top:0;padding-bottom:0;font-size:clamp(16.293px, 1.018rem + ((1vw - 3.2px) * 0.907), 25px);\">La passion des pierres<\/h2>\n\n\n\n<h2 class=\"wp-block-heading\" style=\"font-size:clamp(18.959px, 1.185rem + ((1vw - 3.2px) * 1.15), 30px);\">Jean-Michel Viguier<\/h2>\n\n\n\n<p>LA CR\u00c9ATION DU SCULPTEUR Andr\u00e9 Deluol est au coeur de ce documentaire. L\u2019artiste est surtout admir\u00e9 dans la p\u00e9riode des ann\u00e9es 1930, comme l\u2019h\u00e9ritier de la grande sculpture fran\u00e7aise, qui a trouv\u00e9 ses lettres de noblesses avec Despiau et Maillol.<br>N\u00e9 en 1909, il s\u2019inspire de la sculpture Hittite au Louvre, et s\u2019engage dans la taille directe. Le bois, le marbre, la pierre du Gard, le calcaire deviennent les supports de ces cr\u00e9ations. Son oeuvre est marqu\u00e9e par la puissance, l\u2019harmonie et la beaut\u00e9. Deluol trace dans la pierre, des corps lourds et pleins, ceux que l\u2019amour remplit, et qui se donnent sans culpabilit\u00e9. De nombreuses commandes publiques, priv\u00e9es, nationales et internationales l\u2019on fait conna\u00eetre<br>au del\u00e0 de nos fronti\u00e8res. Ses oeuvres sont pr\u00e9sentes au mus\u00e9e d\u2019Art Moderne de Paris, aux mus\u00e9es de Poitiers, N\u00eemes,Valence, Poitiers,Alger,Amsterdam. L\u2019artiste est \u00e9galement un homme de la lumi\u00e8re et du paysage. En 1988, il se retire en Vend\u00e9e, \u00e0 Saint Michel en L\u2019Herm, o\u00f9 il ouvre son mus\u00e9e \u00a0\u00bb Le temple du Soleil \u00ab\u00a0, l\u00e0 une centaine de sculptures attendent les visiteurs. Apollon aur\u00e9ole le fronton du lieu.<br>Le film parcourt l\u2019histoire de l\u2019artiste, et s\u2019attache \u00e0 rendre proche les oeuvres dans leur lumi\u00e8re, pour faire partager au spectateur, la sensualit\u00e9 de la taille directe.<\/p>\n\n\n\n<figure class=\"wp-block-gallery alignfull has-nested-images columns-default is-cropped wp-block-gallery-1 is-layout-flex wp-block-gallery-is-layout-flex\">\n<figure class=\"wp-block-image size-large\"><img decoding=\"async\" data-id=\"432\" src=\"https:\/\/aumfilms.eu\/wp-content\/uploads\/2024\/10\/2-Trio-800x1024.jpg\" alt=\"\" class=\"wp-image-432\"\/><\/figure>\n\n\n\n<figure class=\"wp-block-image size-large\"><img decoding=\"async\" data-id=\"434\" src=\"https:\/\/aumfilms.eu\/wp-content\/uploads\/2024\/10\/4-Deluol-1-1014x1024.jpg\" alt=\"\" class=\"wp-image-434\"\/><\/figure>\n\n\n\n<figure class=\"wp-block-image size-large\"><img decoding=\"async\" data-id=\"433\" src=\"https:\/\/aumfilms.eu\/wp-content\/uploads\/2024\/10\/5-Couple-femme-1024x787.jpg\" alt=\"\" class=\"wp-image-433\"\/><\/figure>\n\n\n\n<figure class=\"wp-block-image size-large\"><img decoding=\"async\" data-id=\"435\" src=\"https:\/\/aumfilms.eu\/wp-content\/uploads\/2024\/10\/7-Le-Baiser-1934-913x1024.jpg\" alt=\"\" class=\"wp-image-435\"\/><\/figure>\n\n\n\n<figure class=\"wp-block-image size-large\"><img decoding=\"async\" data-id=\"430\" src=\"https:\/\/aumfilms.eu\/wp-content\/uploads\/2024\/10\/OEuvre-06-983x1024.jpg\" alt=\"\" class=\"wp-image-430\"\/><\/figure>\n\n\n\n<figure class=\"wp-block-image size-large\"><img decoding=\"async\" data-id=\"431\" src=\"https:\/\/aumfilms.eu\/wp-content\/uploads\/2024\/10\/OEuvre-10-985x1024.jpg\" alt=\"\" class=\"wp-image-431\"\/><\/figure>\n<\/figure>\n","protected":false},"excerpt":{"rendered":"<p>Andr\u00e9 Deluol La passion des pierres Jean-Michel Viguier LA CR\u00c9ATION DU SCULPTEUR Andr\u00e9 Deluol est au coeur de ce documentaire. L\u2019artiste est surtout admir\u00e9 dans la p\u00e9riode des ann\u00e9es 1930, comme l\u2019h\u00e9ritier de la grande sculpture fran\u00e7aise, qui a trouv\u00e9 ses lettres de noblesses avec Despiau et Maillol.N\u00e9 en 1909, il s\u2019inspire de la sculpture [&hellip;]<\/p>\n","protected":false},"author":1,"featured_media":0,"parent":0,"menu_order":0,"comment_status":"closed","ping_status":"closed","template":"","meta":{"footnotes":""},"class_list":["post-422","page","type-page","status-publish","hentry"],"_links":{"self":[{"href":"https:\/\/aumfilms.eu\/index.php?rest_route=\/wp\/v2\/pages\/422","targetHints":{"allow":["GET"]}}],"collection":[{"href":"https:\/\/aumfilms.eu\/index.php?rest_route=\/wp\/v2\/pages"}],"about":[{"href":"https:\/\/aumfilms.eu\/index.php?rest_route=\/wp\/v2\/types\/page"}],"author":[{"embeddable":true,"href":"https:\/\/aumfilms.eu\/index.php?rest_route=\/wp\/v2\/users\/1"}],"replies":[{"embeddable":true,"href":"https:\/\/aumfilms.eu\/index.php?rest_route=%2Fwp%2Fv2%2Fcomments&post=422"}],"version-history":[{"count":7,"href":"https:\/\/aumfilms.eu\/index.php?rest_route=\/wp\/v2\/pages\/422\/revisions"}],"predecessor-version":[{"id":436,"href":"https:\/\/aumfilms.eu\/index.php?rest_route=\/wp\/v2\/pages\/422\/revisions\/436"}],"wp:attachment":[{"href":"https:\/\/aumfilms.eu\/index.php?rest_route=%2Fwp%2Fv2%2Fmedia&parent=422"}],"curies":[{"name":"wp","href":"https:\/\/api.w.org\/{rel}","templated":true}]}}