{"id":405,"date":"2024-10-30T10:49:33","date_gmt":"2024-10-30T09:49:33","guid":{"rendered":"https:\/\/aumfilms.eu\/?page_id=405"},"modified":"2024-10-30T10:51:35","modified_gmt":"2024-10-30T09:51:35","slug":"le-vent-de-cristal","status":"publish","type":"page","link":"https:\/\/aumfilms.eu\/?page_id=405","title":{"rendered":"Le vent de cristal"},"content":{"rendered":"\n<h2 class=\"wp-block-heading\">Le vent de cristal<\/h2>\n\n\n\n<h2 class=\"wp-block-heading\">Alain Cazuc<\/h2>\n\n\n\n<p>Le village de Tomblone est nich\u00e9 dans les contreforts des C\u00e9vennes, l\u00e0 o\u00f9 se meurt la garrigue. Il est surplomb\u00e9 d\u2019une montagne qui a donn\u00e9 naissance \u00e0 une l\u00e9gende dont l\u2019origine semble venir du fond des \u00e2ges :<br>\u00ab le vent de cristal \u00bb.<br>L\u2019encha\u00eenement des diverses p\u00e9rip\u00e9ties amenant la catastrophe ne<br>subsiste plus qu\u2019\u00e0 l\u2019\u00e9tat de traces dans la m\u00e9moire collective de ce vingt et uni\u00e8me si\u00e8cle\u2026 Se d\u00e9tachant de la montagne, un vent de poussi\u00e8re s\u2019abattrait sur le village et cristalliserait ses habitants. Il serait pr\u00e9c\u00e9d\u00e9 de signes avant-coureurs.<br>Et voil\u00e0 que de vieux c\u00e9venols, parmi les rares qui ont gard\u00e9 un souvenir vivace de la l\u00e9gende, croient assister \u00e0 la premi\u00e8re, puis \u00e0 la seconde des pr\u00e9misses. Comment pr\u00e9venir le village sans \u00eatre pris pour des fous ?<br>Le bistrot, lieu privil\u00e9gi\u00e9 des \u00e9changes, semble tout d\u00e9sign\u00e9.<br>La nouvelle bouleversera les rapports entre les habitants, en rapprochant certains, en scindant d\u2019autres groupes. Hallucination partag\u00e9e ou<br>irruption du surnaturel en pleine modernit\u00e9 ? Dans tous les cas,<br>personne ne sortira indemne du vent de cristal. Mais \u00e0 quel point ?<\/p>\n\n\n\n<figure class=\"wp-block-image size-large\"><img decoding=\"async\" src=\"https:\/\/aumfilms.eu\/wp-content\/uploads\/2024\/10\/LE_VENT_DE_CRISTAL_COUV-1024x450.jpg\" alt=\"\" class=\"wp-image-409\"\/><\/figure>\n","protected":false},"excerpt":{"rendered":"<p>Le vent de cristal Alain Cazuc Le village de Tomblone est nich\u00e9 dans les contreforts des C\u00e9vennes, l\u00e0 o\u00f9 se meurt la garrigue. Il est surplomb\u00e9 d\u2019une montagne qui a donn\u00e9 naissance \u00e0 une l\u00e9gende dont l\u2019origine semble venir du fond des \u00e2ges :\u00ab le vent de cristal \u00bb.L\u2019encha\u00eenement des diverses p\u00e9rip\u00e9ties amenant la catastrophe [&hellip;]<\/p>\n","protected":false},"author":1,"featured_media":0,"parent":0,"menu_order":0,"comment_status":"closed","ping_status":"closed","template":"","meta":{"footnotes":""},"class_list":["post-405","page","type-page","status-publish","hentry"],"_links":{"self":[{"href":"https:\/\/aumfilms.eu\/index.php?rest_route=\/wp\/v2\/pages\/405","targetHints":{"allow":["GET"]}}],"collection":[{"href":"https:\/\/aumfilms.eu\/index.php?rest_route=\/wp\/v2\/pages"}],"about":[{"href":"https:\/\/aumfilms.eu\/index.php?rest_route=\/wp\/v2\/types\/page"}],"author":[{"embeddable":true,"href":"https:\/\/aumfilms.eu\/index.php?rest_route=\/wp\/v2\/users\/1"}],"replies":[{"embeddable":true,"href":"https:\/\/aumfilms.eu\/index.php?rest_route=%2Fwp%2Fv2%2Fcomments&post=405"}],"version-history":[{"count":4,"href":"https:\/\/aumfilms.eu\/index.php?rest_route=\/wp\/v2\/pages\/405\/revisions"}],"predecessor-version":[{"id":410,"href":"https:\/\/aumfilms.eu\/index.php?rest_route=\/wp\/v2\/pages\/405\/revisions\/410"}],"wp:attachment":[{"href":"https:\/\/aumfilms.eu\/index.php?rest_route=%2Fwp%2Fv2%2Fmedia&parent=405"}],"curies":[{"name":"wp","href":"https:\/\/api.w.org\/{rel}","templated":true}]}}