{"id":386,"date":"2024-10-30T10:39:20","date_gmt":"2024-10-30T09:39:20","guid":{"rendered":"https:\/\/aumfilms.eu\/?page_id=386"},"modified":"2025-05-05T08:18:00","modified_gmt":"2025-05-05T06:18:00","slug":"chroniques","status":"publish","type":"page","link":"https:\/\/aumfilms.eu\/?page_id=386","title":{"rendered":"Chroniques"},"content":{"rendered":"\n<h2 class=\"wp-block-heading alignwide has-text-align-center\" style=\"font-size:clamp(45.774px, 2.861rem + ((1vw - 3.2px) * 4.503), 89px);\">Monoblet chroniques de la veille <\/h2>\n\n\n\n<h2 class=\"wp-block-heading has-text-color has-link-color wp-elements-6709abb8f43a60ead9d94eb79091ac23\" style=\"color:#ffffff00\">xxx<\/h2>\n\n\n\n<div class=\"wp-block-media-text alignwide is-stacked-on-mobile\"><figure class=\"wp-block-media-text__media\"><img loading=\"lazy\" decoding=\"async\" width=\"676\" height=\"948\" src=\"http:\/\/aumfilms.eu\/wp-content\/uploads\/2025\/01\/Couv-Monoblet-Chroniques.png\" alt=\"\" class=\"wp-image-1542 size-full\" srcset=\"https:\/\/aumfilms.eu\/wp-content\/uploads\/2025\/01\/Couv-Monoblet-Chroniques.png 676w, https:\/\/aumfilms.eu\/wp-content\/uploads\/2025\/01\/Couv-Monoblet-Chroniques-214x300.png 214w\" sizes=\"auto, (max-width: 676px) 100vw, 676px\" \/><\/figure><div class=\"wp-block-media-text__content\">\n<p class=\"has-contrast-color has-text-color has-link-color wp-elements-040a7a8fa4b57ee26c87fc7417220e98\">J\u2019ai tent\u00e9 de raconter ce village tel que je l\u2019ai per\u00e7u quand je suis arriv\u00e9 en avril 1973. \u00c0 notre insu, un monde se mourait, celui des \u00ab Trente Glorieuses \u00bb. D\u00e9j\u00e0 les mines avaient ferm\u00e9 et le train ne reliait plus N\u00eemes \u00e0 Saint-Hippolyte. La bonneterie vivotait tout juste. Bient\u00f4t, le ch\u00f4mage commencerait \u00e0 poindre. Les \u00abn\u00e9os \u00bb qu\u2019on appelait alors \u00ab babas \u00bb ou \u00ab&nbsp;hippies \u00bb, sentant les pr\u00e9mices d\u2019une vie qui deviendrait plus dure, s\u2019installaient en nombre dans la r\u00e9gion pour inventer une nouvelle mani\u00e8re d\u2019exister en des lieux un peu plus pr\u00e9serv\u00e9s. <br><br>Dans cet univers en transition, seize portraits de femmes et d\u2019hommes brossent le tableau d\u2019un village dans sa richesse et sa vari\u00e9t\u00e9. Paysans, commer\u00e7ants, ouvriers, n\u00e9s ici ou venus d\u2019ailleurs, vivaient comme une \u00e9vidence la fraternit\u00e9 solidaire et l\u2019ouverture \u00e0 l\u2019autre. Au carrefour de ces mondes s\u2019est invent\u00e9, pas \u00e0 pas, le pr\u00e9sent du village qui m\u00eale les activit\u00e9s traditionnelles \u00e0 une gerbe d\u2019initiatives, de pratiques nouvelles, d\u2019inventions festives. Aujourd\u2019hui Monoblet assume avec bonheur sa diversit\u00e9. \u00bb<br><\/p>\n\n\n\n<p class=\"has-contrast-2-color has-text-color has-link-color has-heading-font-family wp-elements-b2219373069ce4def15406665ed5c4fb\" style=\"font-size:14px;font-style:italic;font-weight:700\"><br><br>Alain Cazuc est n\u00e9 au Havre au milieu du si\u00e8cle dernier. Il fait des \u00e9tudes de Lettres <br>\u00e0 Rouen, puis l\u2019\u00c9cole Pratique des Hautes \u00c9tudes et \u00c9cole Fran\u00e7aise de Photographie \u00e0 Paris. <br>Il travaille comme photographe puis, rejoint Fernand Deligny \u00e0 Monoblet et prend part au r\u00e9seau de vie avec les enfants autistes de 1973 \u00e0 1981. Responsable d\u2019un lieu, photographe, vid\u00e9aste il r\u00e9alise un premier film sur l\u2019exp\u00e9rience de Deligny, \u00ab&nbsp;Projet N&nbsp;\u00bb, diffus\u00e9 en 1982 sur Antenne 2. En 1982 il retourne vivre \u00e0 Paris mais revient au village d\u00e8s que possible, ayant cr\u00e9\u00e9 des attaches familiales, tiss\u00e9 des amiti\u00e9s solides et retrouv\u00e9 \u00e0 chaque visite un sentiment de pl\u00e9nitude qui n\u2019arrive que lorsqu\u2019on reconna\u00eet en un lieu son \u00ab chez soi \u00bb.<\/p>\n\n\n\n<p class=\"has-contrast-2-color has-text-color has-link-color has-heading-font-family wp-elements-c843db231ae51c316ee8c4a4d2d0e2be\" style=\"font-size:14px;font-style:italic;font-weight:700\">Il r\u00e9alise pour TF1, France 2 et 3, la 5\u00e8me et Arte des plateaux, des reportages, des documentaires, plus de 200 \u00e9missions dont les longs m\u00e9trages cl\u00f4turant la s\u00e9rie des <br>\u00ab&nbsp;Trains pas comme les autres&nbsp;\u00bb. Il pr\u00e9pare actuellement une s\u00e9rie de documentaires sur la M\u00e9diterran\u00e9e.<\/p>\n\n\n\n<p class=\"has-contrast-2-color has-text-color has-link-color has-heading-font-family wp-elements-40be83914217a254b1f005792fb965d4\" style=\"font-size:14px;font-style:italic;font-weight:700\">En 2015 il publie un opuscule : \u00ab&nbsp;Memento des anciens \u00bb qui provoque un tel engouement qu\u2019il d\u00e9cide de s\u2019atteler \u00e0 l\u2019\u00e9criture du livre \u00ab&nbsp;Monoblet, Chroniques de la veille \u00bb.<\/p>\n<\/div><\/div>\n","protected":false},"excerpt":{"rendered":"<p>Monoblet chroniques de la veille xxx J\u2019ai tent\u00e9 de raconter ce village tel que je l\u2019ai per\u00e7u quand je suis arriv\u00e9 en avril 1973. \u00c0 notre insu, un monde se mourait, celui des \u00ab Trente Glorieuses \u00bb. D\u00e9j\u00e0 les mines avaient ferm\u00e9 et le train ne reliait plus N\u00eemes \u00e0 Saint-Hippolyte. La bonneterie vivotait tout [&hellip;]<\/p>\n","protected":false},"author":1,"featured_media":0,"parent":0,"menu_order":0,"comment_status":"closed","ping_status":"closed","template":"","meta":{"footnotes":""},"class_list":["post-386","page","type-page","status-publish","hentry"],"_links":{"self":[{"href":"https:\/\/aumfilms.eu\/index.php?rest_route=\/wp\/v2\/pages\/386","targetHints":{"allow":["GET"]}}],"collection":[{"href":"https:\/\/aumfilms.eu\/index.php?rest_route=\/wp\/v2\/pages"}],"about":[{"href":"https:\/\/aumfilms.eu\/index.php?rest_route=\/wp\/v2\/types\/page"}],"author":[{"embeddable":true,"href":"https:\/\/aumfilms.eu\/index.php?rest_route=\/wp\/v2\/users\/1"}],"replies":[{"embeddable":true,"href":"https:\/\/aumfilms.eu\/index.php?rest_route=%2Fwp%2Fv2%2Fcomments&post=386"}],"version-history":[{"count":16,"href":"https:\/\/aumfilms.eu\/index.php?rest_route=\/wp\/v2\/pages\/386\/revisions"}],"predecessor-version":[{"id":1712,"href":"https:\/\/aumfilms.eu\/index.php?rest_route=\/wp\/v2\/pages\/386\/revisions\/1712"}],"wp:attachment":[{"href":"https:\/\/aumfilms.eu\/index.php?rest_route=%2Fwp%2Fv2%2Fmedia&parent=386"}],"curies":[{"name":"wp","href":"https:\/\/api.w.org\/{rel}","templated":true}]}}