{"id":309,"date":"2024-10-28T15:50:38","date_gmt":"2024-10-28T14:50:38","guid":{"rendered":"https:\/\/aumfilms.eu\/?page_id=309"},"modified":"2025-01-27T19:41:59","modified_gmt":"2025-01-27T18:41:59","slug":"debout-dans-ce-siecle-anthracite","status":"publish","type":"page","link":"https:\/\/aumfilms.eu\/?page_id=309","title":{"rendered":"Debout dans ce si\u00e8cle anthracite"},"content":{"rendered":"\n<h2 class=\"wp-block-heading alignfull has-text-align-center has-custom-color-5-color has-text-color has-link-color has-body-font-family wp-elements-1925f9cb5213b39ba51b69413d95a852\" style=\"font-size:clamp(46.987px, 2.937rem + ((1vw - 3.2px) * 4.689), 92px);font-style:normal;font-weight:700\">                   Debout dans ce si\u00e8cle anthracite<\/h2>\n\n\n\n<div class=\"wp-block-group is-nowrap is-layout-flex wp-container-core-group-is-layout-6c531013 wp-block-group-is-layout-flex\">\n<h2 class=\"wp-block-heading has-accent-5-color has-text-color has-link-color wp-elements-13154c61b9518368f69018ea2629d29f\" style=\"padding-top:10px;font-size:clamp(14px, 0.875rem + ((1vw - 3.2px) * 0.625), 20px);\">un film de<\/h2>\n\n\n\n<h2 class=\"wp-block-heading\" style=\"border-style:none;border-width:0px\">Christiane Rorato<\/h2>\n<\/div>\n\n\n\n<p class=\"has-heading-font-family\"><br>C\u2019est l\u2019histoire d\u2019un homme qui traverse le si\u00e8cle<br>Un homme debout dans les luttes<br>Un homme debout dans les mines<br>Les plus petites mines de France<br>Une mine d\u2019anthracite, le meilleur d\u2019Europe<br>Celui dont on fait l\u2019aluminium<br>Une mine ferm\u00e9e en mars 1997<br><br>C\u2019est l\u2019histoire d\u2019un homme<br>Qui habite les montagnes du sud Dauphin\u00e9<br>Pliss\u00e9 comme le charbon de la grande couche<br>L\u2019\u0153il vif et malicieux<br>Il apprend chaque jour quelque chose de la vie<br>\u00c0 dix-sept ans, il lance le premier comit\u00e9<br>Des \u00ab rouleurs et conducteurs \u00bb avec ses camarades du fond<br>Prisonnier en Allemagne<br>Il a le culot d\u2019aborder le gardien du camp d\u2019en face<br>Pour organiser la distribution clandestine de soupes aux d\u00e9port\u00e9s<br>\u00c0 la lib\u00e9ration, il est le Pr\u00e9sident-ouvrier<br>Du premier conseil d\u2019administration<br>Des Houill\u00e8res du bassin du Dauphin\u00e9<br><br>\u00c0 quatre-vingts ans, il apprend \u00e0 cuisiner<br>\u00c0 quatre-vingt dix, il commence \u00e0 \u00e9crire cette histoire<br><br><\/p>\n\n\n\n<figure class=\"wp-block-gallery alignfull has-nested-images columns-default is-cropped wp-block-gallery-1 is-layout-flex wp-block-gallery-is-layout-flex\">\n<figure class=\"wp-block-image size-large\"><img loading=\"lazy\" decoding=\"async\" width=\"1024\" height=\"819\" data-id=\"1089\" src=\"http:\/\/aumfilms.eu\/wp-content\/uploads\/2025\/01\/1-1024x819.jpg\" alt=\"\" class=\"wp-image-1089\" srcset=\"https:\/\/aumfilms.eu\/wp-content\/uploads\/2025\/01\/1-1024x819.jpg 1024w, https:\/\/aumfilms.eu\/wp-content\/uploads\/2025\/01\/1-300x240.jpg 300w, https:\/\/aumfilms.eu\/wp-content\/uploads\/2025\/01\/1-768x614.jpg 768w, https:\/\/aumfilms.eu\/wp-content\/uploads\/2025\/01\/1-1536x1229.jpg 1536w, https:\/\/aumfilms.eu\/wp-content\/uploads\/2025\/01\/1-2048x1638.jpg 2048w\" sizes=\"auto, (max-width: 1024px) 100vw, 1024px\" \/><\/figure>\n\n\n\n<figure class=\"wp-block-image size-large\"><img loading=\"lazy\" decoding=\"async\" width=\"1024\" height=\"824\" data-id=\"1090\" src=\"http:\/\/aumfilms.eu\/wp-content\/uploads\/2025\/01\/2-1024x824.jpg\" alt=\"\" class=\"wp-image-1090\" srcset=\"https:\/\/aumfilms.eu\/wp-content\/uploads\/2025\/01\/2-1024x824.jpg 1024w, https:\/\/aumfilms.eu\/wp-content\/uploads\/2025\/01\/2-300x241.jpg 300w, https:\/\/aumfilms.eu\/wp-content\/uploads\/2025\/01\/2-768x618.jpg 768w, https:\/\/aumfilms.eu\/wp-content\/uploads\/2025\/01\/2.jpg 1173w\" sizes=\"auto, (max-width: 1024px) 100vw, 1024px\" \/><\/figure>\n\n\n\n<figure class=\"wp-block-image size-large\"><img loading=\"lazy\" decoding=\"async\" width=\"1024\" height=\"774\" data-id=\"1092\" src=\"http:\/\/aumfilms.eu\/wp-content\/uploads\/2025\/01\/Cabas-1024x774.jpg\" alt=\"\" class=\"wp-image-1092\" srcset=\"https:\/\/aumfilms.eu\/wp-content\/uploads\/2025\/01\/Cabas-1024x774.jpg 1024w, https:\/\/aumfilms.eu\/wp-content\/uploads\/2025\/01\/Cabas-300x227.jpg 300w, https:\/\/aumfilms.eu\/wp-content\/uploads\/2025\/01\/Cabas-768x581.jpg 768w, https:\/\/aumfilms.eu\/wp-content\/uploads\/2025\/01\/Cabas-1536x1161.jpg 1536w, https:\/\/aumfilms.eu\/wp-content\/uploads\/2025\/01\/Cabas-2048x1548.jpg 2048w\" sizes=\"auto, (max-width: 1024px) 100vw, 1024px\" \/><\/figure>\n\n\n\n<figure class=\"wp-block-image size-large\"><img loading=\"lazy\" decoding=\"async\" width=\"1024\" height=\"766\" data-id=\"1262\" src=\"http:\/\/aumfilms.eu\/wp-content\/uploads\/2025\/01\/Jean-1024x766.jpg\" alt=\"\" class=\"wp-image-1262\" srcset=\"https:\/\/aumfilms.eu\/wp-content\/uploads\/2025\/01\/Jean-1024x766.jpg 1024w, https:\/\/aumfilms.eu\/wp-content\/uploads\/2025\/01\/Jean-300x224.jpg 300w, https:\/\/aumfilms.eu\/wp-content\/uploads\/2025\/01\/Jean-768x575.jpg 768w, https:\/\/aumfilms.eu\/wp-content\/uploads\/2025\/01\/Jean-1536x1149.jpg 1536w, https:\/\/aumfilms.eu\/wp-content\/uploads\/2025\/01\/Jean-2048x1532.jpg 2048w\" sizes=\"auto, (max-width: 1024px) 100vw, 1024px\" \/><\/figure>\n\n\n\n<figure class=\"wp-block-image size-full\"><img loading=\"lazy\" decoding=\"async\" width=\"720\" height=\"576\" data-id=\"1104\" src=\"http:\/\/aumfilms.eu\/wp-content\/uploads\/2025\/01\/La-roue.jpg\" alt=\"\" class=\"wp-image-1104\" srcset=\"https:\/\/aumfilms.eu\/wp-content\/uploads\/2025\/01\/La-roue.jpg 720w, https:\/\/aumfilms.eu\/wp-content\/uploads\/2025\/01\/La-roue-300x240.jpg 300w\" sizes=\"auto, (max-width: 720px) 100vw, 720px\" \/><\/figure>\n\n\n\n<figure class=\"wp-block-image size-full\"><img loading=\"lazy\" decoding=\"async\" width=\"720\" height=\"576\" data-id=\"1095\" src=\"http:\/\/aumfilms.eu\/wp-content\/uploads\/2025\/01\/Les-pendus.jpg\" alt=\"\" class=\"wp-image-1095\" srcset=\"https:\/\/aumfilms.eu\/wp-content\/uploads\/2025\/01\/Les-pendus.jpg 720w, https:\/\/aumfilms.eu\/wp-content\/uploads\/2025\/01\/Les-pendus-300x240.jpg 300w\" sizes=\"auto, (max-width: 720px) 100vw, 720px\" \/><\/figure>\n\n\n\n<figure class=\"wp-block-image size-full\"><img loading=\"lazy\" decoding=\"async\" width=\"720\" height=\"576\" data-id=\"1096\" src=\"http:\/\/aumfilms.eu\/wp-content\/uploads\/2025\/01\/Louis-train-1.jpg\" alt=\"\" class=\"wp-image-1096\" srcset=\"https:\/\/aumfilms.eu\/wp-content\/uploads\/2025\/01\/Louis-train-1.jpg 720w, https:\/\/aumfilms.eu\/wp-content\/uploads\/2025\/01\/Louis-train-1-300x240.jpg 300w\" sizes=\"auto, (max-width: 720px) 100vw, 720px\" \/><\/figure>\n\n\n\n<figure class=\"wp-block-image size-large\"><img loading=\"lazy\" decoding=\"async\" width=\"1024\" height=\"768\" data-id=\"1264\" src=\"http:\/\/aumfilms.eu\/wp-content\/uploads\/2025\/01\/Manif-1--1024x768.jpg\" alt=\"\" class=\"wp-image-1264\" srcset=\"https:\/\/aumfilms.eu\/wp-content\/uploads\/2025\/01\/Manif-1--1024x768.jpg 1024w, https:\/\/aumfilms.eu\/wp-content\/uploads\/2025\/01\/Manif-1--300x225.jpg 300w, https:\/\/aumfilms.eu\/wp-content\/uploads\/2025\/01\/Manif-1--768x576.jpg 768w, https:\/\/aumfilms.eu\/wp-content\/uploads\/2025\/01\/Manif-1--1536x1152.jpg 1536w, https:\/\/aumfilms.eu\/wp-content\/uploads\/2025\/01\/Manif-1--2048x1536.jpg 2048w\" sizes=\"auto, (max-width: 1024px) 100vw, 1024px\" \/><\/figure>\n\n\n\n<figure class=\"wp-block-image size-large\"><img loading=\"lazy\" decoding=\"async\" width=\"1024\" height=\"768\" data-id=\"1263\" src=\"http:\/\/aumfilms.eu\/wp-content\/uploads\/2025\/01\/Louis-1-1024x768.jpg\" alt=\"\" class=\"wp-image-1263\" srcset=\"https:\/\/aumfilms.eu\/wp-content\/uploads\/2025\/01\/Louis-1-1024x768.jpg 1024w, https:\/\/aumfilms.eu\/wp-content\/uploads\/2025\/01\/Louis-1-300x225.jpg 300w, https:\/\/aumfilms.eu\/wp-content\/uploads\/2025\/01\/Louis-1-768x576.jpg 768w, https:\/\/aumfilms.eu\/wp-content\/uploads\/2025\/01\/Louis-1-1536x1152.jpg 1536w, https:\/\/aumfilms.eu\/wp-content\/uploads\/2025\/01\/Louis-1-2048x1537.jpg 2048w\" sizes=\"auto, (max-width: 1024px) 100vw, 1024px\" \/><\/figure>\n\n\n\n<figure class=\"wp-block-image size-large\"><img loading=\"lazy\" decoding=\"async\" width=\"1024\" height=\"769\" data-id=\"1265\" src=\"http:\/\/aumfilms.eu\/wp-content\/uploads\/2025\/01\/Manif-2-1024x769.jpg\" alt=\"\" class=\"wp-image-1265\" srcset=\"https:\/\/aumfilms.eu\/wp-content\/uploads\/2025\/01\/Manif-2-1024x769.jpg 1024w, https:\/\/aumfilms.eu\/wp-content\/uploads\/2025\/01\/Manif-2-300x225.jpg 300w, https:\/\/aumfilms.eu\/wp-content\/uploads\/2025\/01\/Manif-2-768x576.jpg 768w, https:\/\/aumfilms.eu\/wp-content\/uploads\/2025\/01\/Manif-2-1536x1153.jpg 1536w, https:\/\/aumfilms.eu\/wp-content\/uploads\/2025\/01\/Manif-2-2048x1537.jpg 2048w\" sizes=\"auto, (max-width: 1024px) 100vw, 1024px\" \/><\/figure>\n\n\n\n<figure class=\"wp-block-image size-full\"><img loading=\"lazy\" decoding=\"async\" width=\"720\" height=\"576\" data-id=\"1268\" src=\"http:\/\/aumfilms.eu\/wp-content\/uploads\/2025\/01\/Paysage-2-1.jpg\" alt=\"\" class=\"wp-image-1268\" srcset=\"https:\/\/aumfilms.eu\/wp-content\/uploads\/2025\/01\/Paysage-2-1.jpg 720w, https:\/\/aumfilms.eu\/wp-content\/uploads\/2025\/01\/Paysage-2-1-300x240.jpg 300w\" sizes=\"auto, (max-width: 720px) 100vw, 720px\" \/><\/figure>\n\n\n\n<figure class=\"wp-block-image size-full\"><img loading=\"lazy\" decoding=\"async\" width=\"720\" height=\"576\" data-id=\"1269\" src=\"http:\/\/aumfilms.eu\/wp-content\/uploads\/2025\/01\/Pierre-percee.jpg\" alt=\"\" class=\"wp-image-1269\" srcset=\"https:\/\/aumfilms.eu\/wp-content\/uploads\/2025\/01\/Pierre-percee.jpg 720w, https:\/\/aumfilms.eu\/wp-content\/uploads\/2025\/01\/Pierre-percee-300x240.jpg 300w\" sizes=\"auto, (max-width: 720px) 100vw, 720px\" \/><\/figure>\n<\/figure>\n\n\n\n<h2 class=\"wp-block-heading has-text-align-center\"><a href=\"mailto:chantaldubois@aumfilms.eu\">Commandez le livre DVD du film<\/a> <\/h2>\n\n\n\n<p class=\"has-text-align-center has-heading-font-family\" style=\"font-size:clamp(18.434px, 1.152rem + ((1vw - 3.2px) * 1.101), 29px);\"><strong>31\u20ac<\/strong><\/p>\n\n\n\n<figure class=\"wp-block-image alignwide size-full\"><img loading=\"lazy\" decoding=\"async\" width=\"4898\" height=\"2094\" src=\"http:\/\/aumfilms.eu\/wp-content\/uploads\/2025\/01\/COUV_DEBOUT.png\" alt=\"\" class=\"wp-image-1273\" srcset=\"https:\/\/aumfilms.eu\/wp-content\/uploads\/2025\/01\/COUV_DEBOUT.png 4898w, https:\/\/aumfilms.eu\/wp-content\/uploads\/2025\/01\/COUV_DEBOUT-300x128.png 300w, https:\/\/aumfilms.eu\/wp-content\/uploads\/2025\/01\/COUV_DEBOUT-1024x438.png 1024w, https:\/\/aumfilms.eu\/wp-content\/uploads\/2025\/01\/COUV_DEBOUT-768x328.png 768w, https:\/\/aumfilms.eu\/wp-content\/uploads\/2025\/01\/COUV_DEBOUT-1536x657.png 1536w, https:\/\/aumfilms.eu\/wp-content\/uploads\/2025\/01\/COUV_DEBOUT-2048x876.png 2048w\" sizes=\"auto, (max-width: 4898px) 100vw, 4898px\" \/><\/figure>\n","protected":false},"excerpt":{"rendered":"<p>Debout dans ce si\u00e8cle anthracite un film de Christiane Rorato C\u2019est l\u2019histoire d\u2019un homme qui traverse le si\u00e8cleUn homme debout dans les luttesUn homme debout dans les minesLes plus petites mines de FranceUne mine d\u2019anthracite, le meilleur d\u2019EuropeCelui dont on fait l\u2019aluminiumUne mine ferm\u00e9e en mars 1997 C\u2019est l\u2019histoire d\u2019un hommeQui habite les montagnes du [&hellip;]<\/p>\n","protected":false},"author":1,"featured_media":0,"parent":0,"menu_order":0,"comment_status":"closed","ping_status":"closed","template":"","meta":{"footnotes":""},"class_list":["post-309","page","type-page","status-publish","hentry"],"_links":{"self":[{"href":"https:\/\/aumfilms.eu\/index.php?rest_route=\/wp\/v2\/pages\/309","targetHints":{"allow":["GET"]}}],"collection":[{"href":"https:\/\/aumfilms.eu\/index.php?rest_route=\/wp\/v2\/pages"}],"about":[{"href":"https:\/\/aumfilms.eu\/index.php?rest_route=\/wp\/v2\/types\/page"}],"author":[{"embeddable":true,"href":"https:\/\/aumfilms.eu\/index.php?rest_route=\/wp\/v2\/users\/1"}],"replies":[{"embeddable":true,"href":"https:\/\/aumfilms.eu\/index.php?rest_route=%2Fwp%2Fv2%2Fcomments&post=309"}],"version-history":[{"count":7,"href":"https:\/\/aumfilms.eu\/index.php?rest_route=\/wp\/v2\/pages\/309\/revisions"}],"predecessor-version":[{"id":1277,"href":"https:\/\/aumfilms.eu\/index.php?rest_route=\/wp\/v2\/pages\/309\/revisions\/1277"}],"wp:attachment":[{"href":"https:\/\/aumfilms.eu\/index.php?rest_route=%2Fwp%2Fv2%2Fmedia&parent=309"}],"curies":[{"name":"wp","href":"https:\/\/api.w.org\/{rel}","templated":true}]}}