{"id":291,"date":"2024-10-28T15:31:06","date_gmt":"2024-10-28T14:31:06","guid":{"rendered":"https:\/\/aumfilms.eu\/?page_id=291"},"modified":"2025-02-08T16:56:50","modified_gmt":"2025-02-08T15:56:50","slug":"trova-tanguera","status":"publish","type":"page","link":"https:\/\/aumfilms.eu\/?page_id=291","title":{"rendered":"Trova Tanguera"},"content":{"rendered":"\n<h2 class=\"wp-block-heading has-text-color has-link-color has-system-serif-font-family wp-elements-cf7ef251f6c38ef3ef37b285e1e43f66\" style=\"color:#fa9900;font-size:clamp(68.676px, 4.292rem + ((1vw - 3.2px) * 8.471), 150px);font-style:normal;font-weight:800;letter-spacing:-10px;line-height:1\">T r o v a<\/h2>\n\n\n\n<h2 class=\"wp-block-heading has-text-color has-link-color has-system-serif-font-family wp-elements-aebc031c837416a19ec3b3733cde93c4\" style=\"color:#12121294;font-size:clamp(27.42px, 1.714rem + ((1vw - 3.2px) * 2.04), 47px);font-style:italic;font-weight:900;letter-spacing:3px;line-height:0.5\">r\u00e9sistance et nostalgie<br><br><br><\/h2>\n\n\n\n<div class=\"wp-block-group is-vertical is-layout-flex wp-container-core-group-is-layout-fe9cc265 wp-block-group-is-layout-flex\">\n<h2 class=\"wp-block-heading has-accent-5-color has-text-color has-link-color wp-elements-334b8190abf479e338cc148111ead122\" style=\"padding-top:0px;padding-right:0;padding-bottom:0;padding-left:0;font-size:clamp(14px, 0.875rem + ((1vw - 3.2px) * 0.625), 20px);line-height:0.5\">un film de<\/h2>\n\n\n\n<h2 class=\"wp-block-heading has-text-color has-link-color has-system-serif-font-family wp-elements-f97e33facc5e05d6b51ed120577552f6\" style=\"color:#1212126e;font-size:clamp(21.536px, 1.346rem + ((1vw - 3.2px) * 1.403), 35px);line-height:0.7\">Luz Bala\u00f1a<br><\/h2>\n<\/div>\n\n\n\n<p class=\"has-text-align-left has-heading-font-family has-medium-font-size\"><br><br>\u00c0 Buenos Aires, une nouvelle g\u00e9n\u00e9ration de musiciens et musiciennes choisissent le tango, la musique nationale plus que centenaire, comme porte-voix.<br>Il ne s\u2019agit pas de reprises \u00e9merveill\u00e9es ou \u00e9lectronisantes d\u2019un genre tomb\u00e9 en illusion pour touriste, mais bien d\u2019un renouveau massif, qui passe pourtant encore assez inaper\u00e7u dans le paysage musical.<br><br>Les artistes interrogent le tango, l\u2019actualisent, et le d\u00e9poussi\u00e8rent pour en faire <br>le reflet de leur r\u00e9alit\u00e9, dans des chansons empreintes \u00e0 la fois d\u2019amour <br>pour cette tradition musicale et d\u2019une grande subversion esth\u00e9tique et politique. <br>\u00c0 force de travail, d\u2019\u00e9mulation et de remises en question, ils\u00b7elles transforment <br>ce parangon de la culture machiste en une expression puissante <br>de la destin\u00e9e latino-am\u00e9ricaine.<br><br>Le film retrace le devenir du tango, \u00e0 partir des sons de la capitale argentine <br>qui ont tant nourri le tango depuis sa cr\u00e9ation. Dans une harmonie impeccable, se croisent l\u2019\u00e9nergie puissante de la ville de Buenos Aires et celle, subtile mais ravageuse, d\u2019artistes en r\u00e9sistance puisant leur force dans le collectif.<br><br>La musique qui en r\u00e9sulte, tout en retenues et explosions, c\u2019est le tango du XXI<sup>\u00e8me<\/sup> si\u00e8cle.<br><br><br><\/p>\n\n\n\n<figure class=\"wp-block-gallery alignfull has-nested-images columns-default is-cropped wp-block-gallery-1 is-layout-flex wp-block-gallery-is-layout-flex\">\n<figure class=\"wp-block-image size-full\"><a href=\"http:\/\/aumfilms.eu\/wp-content\/uploads\/2025\/01\/CINTIA_STUDIO.jpeg\"><img decoding=\"async\" data-id=\"981\" src=\"https:\/\/aumfilms.eu\/wp-content\/uploads\/2025\/01\/CINTIA_STUDIO.jpeg\" alt=\"\" class=\"wp-image-981\"\/><\/a><\/figure>\n\n\n\n<figure class=\"wp-block-image size-large\"><img decoding=\"async\" data-id=\"984\" src=\"http:\/\/aumfilms.eu\/wp-content\/uploads\/2025\/01\/TROVA_00-1024x540.png\" alt=\"\" class=\"wp-image-984\"\/><\/figure>\n\n\n\n<figure class=\"wp-block-image size-large\"><img loading=\"lazy\" decoding=\"async\" width=\"1024\" height=\"533\" data-id=\"1013\" src=\"http:\/\/aumfilms.eu\/wp-content\/uploads\/2025\/01\/Danse_01-1024x533.jpg\" alt=\"\" class=\"wp-image-1013\" srcset=\"https:\/\/aumfilms.eu\/wp-content\/uploads\/2025\/01\/Danse_01-1024x533.jpg 1024w, https:\/\/aumfilms.eu\/wp-content\/uploads\/2025\/01\/Danse_01-300x156.jpg 300w, https:\/\/aumfilms.eu\/wp-content\/uploads\/2025\/01\/Danse_01-768x400.jpg 768w, https:\/\/aumfilms.eu\/wp-content\/uploads\/2025\/01\/Danse_01-1536x799.jpg 1536w, https:\/\/aumfilms.eu\/wp-content\/uploads\/2025\/01\/Danse_01.jpg 1920w\" sizes=\"auto, (max-width: 1024px) 100vw, 1024px\" \/><\/figure>\n\n\n\n<figure class=\"wp-block-image size-large\"><img loading=\"lazy\" decoding=\"async\" width=\"1024\" height=\"537\" data-id=\"1011\" src=\"http:\/\/aumfilms.eu\/wp-content\/uploads\/2025\/01\/Chanteuse-1024x537.jpg\" alt=\"\" class=\"wp-image-1011\" srcset=\"https:\/\/aumfilms.eu\/wp-content\/uploads\/2025\/01\/Chanteuse-1024x537.jpg 1024w, https:\/\/aumfilms.eu\/wp-content\/uploads\/2025\/01\/Chanteuse-300x157.jpg 300w, https:\/\/aumfilms.eu\/wp-content\/uploads\/2025\/01\/Chanteuse-768x403.jpg 768w, https:\/\/aumfilms.eu\/wp-content\/uploads\/2025\/01\/Chanteuse-1536x806.jpg 1536w, https:\/\/aumfilms.eu\/wp-content\/uploads\/2025\/01\/Chanteuse-2048x1075.jpg 2048w\" sizes=\"auto, (max-width: 1024px) 100vw, 1024px\" \/><\/figure>\n\n\n\n<figure class=\"wp-block-image size-large\"><img loading=\"lazy\" decoding=\"async\" width=\"1024\" height=\"539\" data-id=\"1014\" src=\"http:\/\/aumfilms.eu\/wp-content\/uploads\/2025\/01\/Danse-02-1024x539.jpg\" alt=\"\" class=\"wp-image-1014\" srcset=\"https:\/\/aumfilms.eu\/wp-content\/uploads\/2025\/01\/Danse-02-1024x539.jpg 1024w, https:\/\/aumfilms.eu\/wp-content\/uploads\/2025\/01\/Danse-02-300x158.jpg 300w, https:\/\/aumfilms.eu\/wp-content\/uploads\/2025\/01\/Danse-02-768x404.jpg 768w, https:\/\/aumfilms.eu\/wp-content\/uploads\/2025\/01\/Danse-02-1536x808.jpg 1536w, https:\/\/aumfilms.eu\/wp-content\/uploads\/2025\/01\/Danse-02.jpg 1920w\" sizes=\"auto, (max-width: 1024px) 100vw, 1024px\" \/><\/figure>\n\n\n\n<figure class=\"wp-block-image size-large\"><img loading=\"lazy\" decoding=\"async\" width=\"1024\" height=\"539\" data-id=\"1606\" src=\"https:\/\/aumfilms.eu\/wp-content\/uploads\/2025\/02\/TROVA_06-1024x539.jpg\" alt=\"\" class=\"wp-image-1606\" srcset=\"https:\/\/aumfilms.eu\/wp-content\/uploads\/2025\/02\/TROVA_06-1024x539.jpg 1024w, https:\/\/aumfilms.eu\/wp-content\/uploads\/2025\/02\/TROVA_06-300x158.jpg 300w, https:\/\/aumfilms.eu\/wp-content\/uploads\/2025\/02\/TROVA_06-768x405.jpg 768w, https:\/\/aumfilms.eu\/wp-content\/uploads\/2025\/02\/TROVA_06-1536x809.jpg 1536w, https:\/\/aumfilms.eu\/wp-content\/uploads\/2025\/02\/TROVA_06-2048x1079.jpg 2048w\" sizes=\"auto, (max-width: 1024px) 100vw, 1024px\" \/><\/figure>\n\n\n\n<figure class=\"wp-block-image size-full is-style-default\" style=\"margin-top:0;margin-right:0;margin-bottom:0;margin-left:0\"><img loading=\"lazy\" decoding=\"async\" width=\"1920\" height=\"1009\" data-id=\"1025\" src=\"http:\/\/aumfilms.eu\/wp-content\/uploads\/2025\/01\/Ville_01.jpg\" alt=\"\" class=\"wp-image-1025\" srcset=\"https:\/\/aumfilms.eu\/wp-content\/uploads\/2025\/01\/Ville_01.jpg 1920w, https:\/\/aumfilms.eu\/wp-content\/uploads\/2025\/01\/Ville_01-300x158.jpg 300w, https:\/\/aumfilms.eu\/wp-content\/uploads\/2025\/01\/Ville_01-1024x538.jpg 1024w, https:\/\/aumfilms.eu\/wp-content\/uploads\/2025\/01\/Ville_01-768x404.jpg 768w, https:\/\/aumfilms.eu\/wp-content\/uploads\/2025\/01\/Ville_01-1536x807.jpg 1536w\" sizes=\"auto, (max-width: 1920px) 100vw, 1920px\" \/><\/figure>\n<\/figure>\n\n\n\n<h2 class=\"wp-block-heading has-text-color has-link-color wp-elements-2092875e111cee9947f51f67a5e8c212\" style=\"color:#ffffff00\">&#8230;&#8230;&#8230;&#8230;&#8230;&#8230;&#8230;<\/h2>\n\n\n\n<figure class=\"wp-block-embed alignwide is-type-video is-provider-vimeo wp-block-embed-vimeo wp-embed-aspect-16-9 wp-has-aspect-ratio\"><div class=\"wp-block-embed__wrapper\">\n<iframe loading=\"lazy\" src=\"https:\/\/player.vimeo.com\/video\/543229266?dnt=1&amp;app_id=122963\" width=\"500\" height=\"281\" frameborder=\"0\" allow=\"autoplay; fullscreen; picture-in-picture; clipboard-write; encrypted-media\"><\/iframe>\n<\/div><\/figure>\n","protected":false},"excerpt":{"rendered":"<p>T r o v a r\u00e9sistance et nostalgie un film de Luz Bala\u00f1a \u00c0 Buenos Aires, une nouvelle g\u00e9n\u00e9ration de musiciens et musiciennes choisissent le tango, la musique nationale plus que centenaire, comme porte-voix.Il ne s\u2019agit pas de reprises \u00e9merveill\u00e9es ou \u00e9lectronisantes d\u2019un genre tomb\u00e9 en illusion pour touriste, mais bien d\u2019un renouveau massif, qui [&hellip;]<\/p>\n","protected":false},"author":1,"featured_media":0,"parent":0,"menu_order":0,"comment_status":"closed","ping_status":"closed","template":"","meta":{"footnotes":""},"class_list":["post-291","page","type-page","status-publish","hentry"],"_links":{"self":[{"href":"https:\/\/aumfilms.eu\/index.php?rest_route=\/wp\/v2\/pages\/291","targetHints":{"allow":["GET"]}}],"collection":[{"href":"https:\/\/aumfilms.eu\/index.php?rest_route=\/wp\/v2\/pages"}],"about":[{"href":"https:\/\/aumfilms.eu\/index.php?rest_route=\/wp\/v2\/types\/page"}],"author":[{"embeddable":true,"href":"https:\/\/aumfilms.eu\/index.php?rest_route=\/wp\/v2\/users\/1"}],"replies":[{"embeddable":true,"href":"https:\/\/aumfilms.eu\/index.php?rest_route=%2Fwp%2Fv2%2Fcomments&post=291"}],"version-history":[{"count":48,"href":"https:\/\/aumfilms.eu\/index.php?rest_route=\/wp\/v2\/pages\/291\/revisions"}],"predecessor-version":[{"id":1637,"href":"https:\/\/aumfilms.eu\/index.php?rest_route=\/wp\/v2\/pages\/291\/revisions\/1637"}],"wp:attachment":[{"href":"https:\/\/aumfilms.eu\/index.php?rest_route=%2Fwp%2Fv2%2Fmedia&parent=291"}],"curies":[{"name":"wp","href":"https:\/\/api.w.org\/{rel}","templated":true}]}}