{"id":28,"date":"2024-10-25T16:48:15","date_gmt":"2024-10-25T14:48:15","guid":{"rendered":"https:\/\/aumfilms.eu\/?page_id=28"},"modified":"2025-02-07T18:16:15","modified_gmt":"2025-02-07T17:16:15","slug":"la-davalade","status":"publish","type":"page","link":"https:\/\/aumfilms.eu\/?page_id=28","title":{"rendered":"La Davalade"},"content":{"rendered":"\n<h2 class=\"wp-block-heading alignwide has-text-align-center has-custom-color-1-color has-text-color has-link-color has-body-font-family wp-elements-d80d6178e924229241440482f4ee560b\" style=\"font-size:clamp(38.682px, 2.418rem + ((1vw - 3.2px) * 3.471), 72px);font-style:normal;font-weight:900;line-height:1\">La Davalade, une \u00e9cole pour demain<br><\/h2>\n\n\n\n<div class=\"wp-block-group alignwide has-global-padding is-content-justification-left is-layout-constrained wp-container-core-group-is-layout-c5a1c9a3 wp-block-group-is-layout-constrained\" style=\"padding-top:0;padding-right:0;padding-bottom:0;padding-left:0\">\n<div class=\"wp-block-group is-nowrap is-layout-flex wp-container-core-group-is-layout-6c531013 wp-block-group-is-layout-flex\">\n<h2 class=\"wp-block-heading alignwide has-text-align-left has-contrast-3-color has-text-color has-link-color wp-elements-756565fc7b50956cef70374ae8883952\" style=\"padding-top:6px;font-size:clamp(14px, 0.875rem + ((1vw - 3.2px) * 0.625), 20px);\">un film de<\/h2>\n\n\n\n<h2 class=\"wp-block-heading has-text-color has-link-color has-body-font-family wp-elements-5c921d68c84f408747968fec66aa8215\" style=\"border-style:none;border-width:0px;color:#636363ab;font-size:clamp(0.984rem, 0.984rem + ((1vw - 0.2rem) * 0.86), 1.5rem);font-style:normal;font-weight:800\"><strong>Bruno Flament<\/strong><\/h2>\n<\/div>\n\n\n\n<div class=\"wp-block-columns alignwide are-vertically-aligned-top is-layout-flex wp-container-core-columns-is-layout-76136483 wp-block-columns-is-layout-flex\" style=\"margin-top:0;margin-bottom:0;padding-top:0;padding-right:0;padding-bottom:0;padding-left:0\">\n<div class=\"wp-block-column is-vertically-aligned-top has-small-font-size has-global-padding is-content-justification-center is-layout-constrained wp-container-core-column-is-layout-576950fd wp-block-column-is-layout-constrained\" style=\"border-style:none;border-width:0px;padding-top:0;padding-right:0;padding-bottom:0;padding-left:0;flex-basis:100%\">\n<div style=\"height:24px\" aria-hidden=\"true\" class=\"wp-block-spacer\"><\/div>\n\n\n\n<div class=\"wp-block-group alignfull is-horizontal is-content-justification-left is-layout-flex wp-container-core-group-is-layout-39401308 wp-block-group-is-layout-flex\" style=\"min-height:0px;margin-top:0;margin-bottom:0;padding-top:0;padding-right:0;padding-bottom:0;padding-left:0\">\n<p class=\"has-text-align-left has-heading-font-family\" style=\"font-size:clamp(14px, 0.875rem + ((1vw - 3.2px) * 0.417), 18px);\"><br>Construite en 1895 sur le mod\u00e8le des fameuses \u00e9coles Jules Ferry \u00e0 deux salles de classes, l&rsquo;\u00e9cole de Monoblet accueille aujourd&rsquo;hui plus d&rsquo;une centaine d&rsquo;enfants r\u00e9partis en quatre niveaux.<\/p>\n\n\n\n<p class=\"has-text-align-left has-heading-font-family\" style=\"font-size:clamp(14px, 0.875rem + ((1vw - 3.2px) * 0.417), 18px);\">V\u00e9tuste, devenue dangereuse, la menace de sa fermeture se pr\u00e9cise de plus en plus. Il faut construire ou dispara\u00eetre.<\/p>\n\n\n\n<p class=\"has-heading-font-family\" style=\"font-size:clamp(14px, 0.875rem + ((1vw - 3.2px) * 0.417), 18px);\">Comment une petite commune des C\u00e9vennes arrive \u00e0 se lancer dans un projet d\u2019une telle envergure ; la construction d\u2019une \u00e9co-\u00e9cole de quatre classes ? <br>C\u2019est la chronique de cinq ans d\u2019histoires qui se m\u00ealent et se succ\u00e8dent : de l\u2019\u00e9laboration m\u00eame du projet \u00e0 l\u2019appel \u00e0 concours, de la recherche d\u2019un architecte aux diff\u00e9rents appels d\u2019offre. <br>La r\u00e9alisation se r\u00e9v\u00e9lera sem\u00e9e d\u2019emb\u00fbches. <br><br>Construit comme un \u00abthriller\u00bb, le film narre une tranche de vie o\u00f9 les enjeux et les investissements de chacun sont diff\u00e9rents.<\/p>\n\n\n\n<p class=\"has-text-align-left has-heading-font-family\" style=\"font-size:clamp(14px, 0.875rem + ((1vw - 3.2px) * 0.417), 18px);\">C\u2019est le temps de l\u2019humain, de l\u2019exp\u00e9rience et de l\u2019apprentissage.<br><br><\/p>\n<\/div>\n<\/div>\n<\/div>\n\n\n\n<figure class=\"wp-block-gallery alignwide has-nested-images columns-default is-cropped wp-block-gallery-1 is-layout-flex wp-block-gallery-is-layout-flex\">\n<figure class=\"wp-block-image size-full\"><img loading=\"lazy\" decoding=\"async\" width=\"1920\" height=\"1080\" data-id=\"664\" src=\"https:\/\/aumfilms.eu\/wp-content\/uploads\/2025\/01\/Chantier-1.jpg\" alt=\"\" class=\"wp-image-664\" srcset=\"https:\/\/aumfilms.eu\/wp-content\/uploads\/2025\/01\/Chantier-1.jpg 1920w, https:\/\/aumfilms.eu\/wp-content\/uploads\/2025\/01\/Chantier-1-300x169.jpg 300w, https:\/\/aumfilms.eu\/wp-content\/uploads\/2025\/01\/Chantier-1-1024x576.jpg 1024w, https:\/\/aumfilms.eu\/wp-content\/uploads\/2025\/01\/Chantier-1-768x432.jpg 768w, https:\/\/aumfilms.eu\/wp-content\/uploads\/2025\/01\/Chantier-1-1536x864.jpg 1536w\" sizes=\"auto, (max-width: 1920px) 100vw, 1920px\" \/><\/figure>\n\n\n\n<figure class=\"wp-block-image size-full\"><img loading=\"lazy\" decoding=\"async\" width=\"1276\" height=\"718\" data-id=\"673\" src=\"https:\/\/aumfilms.eu\/wp-content\/uploads\/2025\/01\/Conseil-des-enfants.jpg\" alt=\"\" class=\"wp-image-673\" srcset=\"https:\/\/aumfilms.eu\/wp-content\/uploads\/2025\/01\/Conseil-des-enfants.jpg 1276w, https:\/\/aumfilms.eu\/wp-content\/uploads\/2025\/01\/Conseil-des-enfants-300x169.jpg 300w, https:\/\/aumfilms.eu\/wp-content\/uploads\/2025\/01\/Conseil-des-enfants-1024x576.jpg 1024w, https:\/\/aumfilms.eu\/wp-content\/uploads\/2025\/01\/Conseil-des-enfants-768x432.jpg 768w\" sizes=\"auto, (max-width: 1276px) 100vw, 1276px\" \/><\/figure>\n\n\n\n<figure class=\"wp-block-image size-full\"><img loading=\"lazy\" decoding=\"async\" width=\"1920\" height=\"1080\" data-id=\"666\" src=\"https:\/\/aumfilms.eu\/wp-content\/uploads\/2025\/01\/Chantier-7.jpg\" alt=\"\" class=\"wp-image-666\" srcset=\"https:\/\/aumfilms.eu\/wp-content\/uploads\/2025\/01\/Chantier-7.jpg 1920w, https:\/\/aumfilms.eu\/wp-content\/uploads\/2025\/01\/Chantier-7-300x169.jpg 300w, https:\/\/aumfilms.eu\/wp-content\/uploads\/2025\/01\/Chantier-7-1024x576.jpg 1024w, https:\/\/aumfilms.eu\/wp-content\/uploads\/2025\/01\/Chantier-7-768x432.jpg 768w, https:\/\/aumfilms.eu\/wp-content\/uploads\/2025\/01\/Chantier-7-1536x864.jpg 1536w\" sizes=\"auto, (max-width: 1920px) 100vw, 1920px\" \/><\/figure>\n\n\n\n<figure class=\"wp-block-image size-full\"><img loading=\"lazy\" decoding=\"async\" width=\"1920\" height=\"1080\" data-id=\"672\" src=\"https:\/\/aumfilms.eu\/wp-content\/uploads\/2025\/01\/Chantier-9.jpg\" alt=\"\" class=\"wp-image-672\" srcset=\"https:\/\/aumfilms.eu\/wp-content\/uploads\/2025\/01\/Chantier-9.jpg 1920w, https:\/\/aumfilms.eu\/wp-content\/uploads\/2025\/01\/Chantier-9-300x169.jpg 300w, https:\/\/aumfilms.eu\/wp-content\/uploads\/2025\/01\/Chantier-9-1024x576.jpg 1024w, https:\/\/aumfilms.eu\/wp-content\/uploads\/2025\/01\/Chantier-9-768x432.jpg 768w, https:\/\/aumfilms.eu\/wp-content\/uploads\/2025\/01\/Chantier-9-1536x864.jpg 1536w\" sizes=\"auto, (max-width: 1920px) 100vw, 1920px\" \/><\/figure>\n\n\n\n<figure class=\"wp-block-image size-full\"><img loading=\"lazy\" decoding=\"async\" width=\"1920\" height=\"1080\" data-id=\"667\" src=\"https:\/\/aumfilms.eu\/wp-content\/uploads\/2025\/01\/Demenagement.jpg\" alt=\"\" class=\"wp-image-667\" srcset=\"https:\/\/aumfilms.eu\/wp-content\/uploads\/2025\/01\/Demenagement.jpg 1920w, https:\/\/aumfilms.eu\/wp-content\/uploads\/2025\/01\/Demenagement-300x169.jpg 300w, https:\/\/aumfilms.eu\/wp-content\/uploads\/2025\/01\/Demenagement-1024x576.jpg 1024w, https:\/\/aumfilms.eu\/wp-content\/uploads\/2025\/01\/Demenagement-768x432.jpg 768w, https:\/\/aumfilms.eu\/wp-content\/uploads\/2025\/01\/Demenagement-1536x864.jpg 1536w\" sizes=\"auto, (max-width: 1920px) 100vw, 1920px\" \/><\/figure>\n\n\n\n<figure class=\"wp-block-image size-full\"><img loading=\"lazy\" decoding=\"async\" width=\"1920\" height=\"1080\" data-id=\"668\" src=\"https:\/\/aumfilms.eu\/wp-content\/uploads\/2025\/01\/Presention.jpg\" alt=\"\" class=\"wp-image-668\" srcset=\"https:\/\/aumfilms.eu\/wp-content\/uploads\/2025\/01\/Presention.jpg 1920w, https:\/\/aumfilms.eu\/wp-content\/uploads\/2025\/01\/Presention-300x169.jpg 300w, https:\/\/aumfilms.eu\/wp-content\/uploads\/2025\/01\/Presention-1024x576.jpg 1024w, https:\/\/aumfilms.eu\/wp-content\/uploads\/2025\/01\/Presention-768x432.jpg 768w, https:\/\/aumfilms.eu\/wp-content\/uploads\/2025\/01\/Presention-1536x864.jpg 1536w\" sizes=\"auto, (max-width: 1920px) 100vw, 1920px\" \/><\/figure>\n\n\n\n<figure class=\"wp-block-image size-full\"><img loading=\"lazy\" decoding=\"async\" width=\"2560\" height=\"1440\" data-id=\"669\" src=\"https:\/\/aumfilms.eu\/wp-content\/uploads\/2025\/01\/Tombee-de-la-nuit-1A-scaled.jpg\" alt=\"\" class=\"wp-image-669\" srcset=\"https:\/\/aumfilms.eu\/wp-content\/uploads\/2025\/01\/Tombee-de-la-nuit-1A-scaled.jpg 2560w, https:\/\/aumfilms.eu\/wp-content\/uploads\/2025\/01\/Tombee-de-la-nuit-1A-300x169.jpg 300w, https:\/\/aumfilms.eu\/wp-content\/uploads\/2025\/01\/Tombee-de-la-nuit-1A-1024x576.jpg 1024w, https:\/\/aumfilms.eu\/wp-content\/uploads\/2025\/01\/Tombee-de-la-nuit-1A-768x432.jpg 768w, https:\/\/aumfilms.eu\/wp-content\/uploads\/2025\/01\/Tombee-de-la-nuit-1A-1536x864.jpg 1536w, https:\/\/aumfilms.eu\/wp-content\/uploads\/2025\/01\/Tombee-de-la-nuit-1A-2048x1152.jpg 2048w\" sizes=\"auto, (max-width: 2560px) 100vw, 2560px\" \/><\/figure>\n\n\n\n<figure class=\"wp-block-image size-full\"><img loading=\"lazy\" decoding=\"async\" width=\"1920\" height=\"1080\" data-id=\"670\" src=\"https:\/\/aumfilms.eu\/wp-content\/uploads\/2025\/01\/Visite-enfant.jpg\" alt=\"\" class=\"wp-image-670\" srcset=\"https:\/\/aumfilms.eu\/wp-content\/uploads\/2025\/01\/Visite-enfant.jpg 1920w, https:\/\/aumfilms.eu\/wp-content\/uploads\/2025\/01\/Visite-enfant-300x169.jpg 300w, https:\/\/aumfilms.eu\/wp-content\/uploads\/2025\/01\/Visite-enfant-1024x576.jpg 1024w, https:\/\/aumfilms.eu\/wp-content\/uploads\/2025\/01\/Visite-enfant-768x432.jpg 768w, https:\/\/aumfilms.eu\/wp-content\/uploads\/2025\/01\/Visite-enfant-1536x864.jpg 1536w\" sizes=\"auto, (max-width: 1920px) 100vw, 1920px\" \/><\/figure>\n<\/figure>\n<\/div>\n\n\n\n<div class=\"wp-block-group has-global-padding is-layout-constrained wp-block-group-is-layout-constrained\">\n<h2 class=\"wp-block-heading has-text-align-center has-text-color has-link-color has-body-font-family wp-elements-2ef048116781ddae81e98b06a1d762ba\" style=\"border-width:10px;border-radius:0px;color:#1212126e;font-size:clamp(14.082px, 0.88rem + ((1vw - 3.2px) * 0.721), 21px);font-style:italic;font-weight:700\">Commandez le DVD  \u2022  <strong>15 \u20ac<\/strong><\/h2>\n<\/div>\n\n\n\n<figure class=\"wp-block-image size-large\" style=\"margin-right:0;margin-left:0\"><a href=\"https:\/\/aumfilms.eu\/?attachment_id=671\"><img loading=\"lazy\" decoding=\"async\" width=\"1024\" height=\"724\" src=\"https:\/\/aumfilms.eu\/wp-content\/uploads\/2025\/01\/bon_de_commande-1024x724.jpg\" alt=\"\" class=\"wp-image-671\" srcset=\"https:\/\/aumfilms.eu\/wp-content\/uploads\/2025\/01\/bon_de_commande-1024x724.jpg 1024w, https:\/\/aumfilms.eu\/wp-content\/uploads\/2025\/01\/bon_de_commande-300x212.jpg 300w, https:\/\/aumfilms.eu\/wp-content\/uploads\/2025\/01\/bon_de_commande-768x543.jpg 768w, https:\/\/aumfilms.eu\/wp-content\/uploads\/2025\/01\/bon_de_commande-1536x1086.jpg 1536w, https:\/\/aumfilms.eu\/wp-content\/uploads\/2025\/01\/bon_de_commande-2048x1448.jpg 2048w\" sizes=\"auto, (max-width: 1024px) 100vw, 1024px\" \/><\/a><\/figure>\n\n\n\n<p><\/p>\n\n\n\n<div class=\"wp-block-group alignwide is-content-justification-center is-nowrap is-layout-flex wp-container-core-group-is-layout-23441af8 wp-block-group-is-layout-flex\">\n<p class=\"has-body-font-family\" style=\"font-size:clamp(16.834px, 1.052rem + ((1vw - 3.2px) * 0.955), 26px);\">Dossier de presse :<\/p>\n\n\n\n<div class=\"wp-block-file has-custom-color-2-background-color has-background has-link-color wp-elements-d29523e44e532510d45f2bc538c8814b\"><a id=\"wp-block-file--media-b283ab01-52f7-4ccd-b301-afdefadb5cbd\" href=\"https:\/\/aumfilms.eu\/wp-content\/uploads\/2025\/01\/201512010-DP.pdf\">   <kbd>201512010-DP<\/kbd><\/a><a href=\"https:\/\/aumfilms.eu\/wp-content\/uploads\/2025\/01\/201512010-DP.pdf\" class=\"wp-block-file__button wp-element-button\" download aria-describedby=\"wp-block-file--media-b283ab01-52f7-4ccd-b301-afdefadb5cbd\">T\u00e9l\u00e9charger<\/a><\/div>\n<\/div>\n\n\n\n<figure class=\"wp-block-embed is-type-video is-provider-vimeo wp-block-embed-vimeo wp-embed-aspect-16-9 wp-has-aspect-ratio\"><div class=\"wp-block-embed__wrapper\">\n<iframe loading=\"lazy\" src=\"https:\/\/player.vimeo.com\/video\/1042978173?dnt=1&amp;app_id=122963\" width=\"500\" height=\"281\" frameborder=\"0\" allow=\"autoplay; fullscreen; picture-in-picture; clipboard-write; encrypted-media\"><\/iframe>\n<\/div><\/figure>\n","protected":false},"excerpt":{"rendered":"<p>La Davalade, une \u00e9cole pour demain un film de Bruno Flament Construite en 1895 sur le mod\u00e8le des fameuses \u00e9coles Jules Ferry \u00e0 deux salles de classes, l&rsquo;\u00e9cole de Monoblet accueille aujourd&rsquo;hui plus d&rsquo;une centaine d&rsquo;enfants r\u00e9partis en quatre niveaux. V\u00e9tuste, devenue dangereuse, la menace de sa fermeture se pr\u00e9cise de plus en plus. Il [&hellip;]<\/p>\n","protected":false},"author":1,"featured_media":0,"parent":0,"menu_order":0,"comment_status":"closed","ping_status":"closed","template":"","meta":{"footnotes":""},"class_list":["post-28","page","type-page","status-publish","hentry"],"_links":{"self":[{"href":"https:\/\/aumfilms.eu\/index.php?rest_route=\/wp\/v2\/pages\/28","targetHints":{"allow":["GET"]}}],"collection":[{"href":"https:\/\/aumfilms.eu\/index.php?rest_route=\/wp\/v2\/pages"}],"about":[{"href":"https:\/\/aumfilms.eu\/index.php?rest_route=\/wp\/v2\/types\/page"}],"author":[{"embeddable":true,"href":"https:\/\/aumfilms.eu\/index.php?rest_route=\/wp\/v2\/users\/1"}],"replies":[{"embeddable":true,"href":"https:\/\/aumfilms.eu\/index.php?rest_route=%2Fwp%2Fv2%2Fcomments&post=28"}],"version-history":[{"count":46,"href":"https:\/\/aumfilms.eu\/index.php?rest_route=\/wp\/v2\/pages\/28\/revisions"}],"predecessor-version":[{"id":1599,"href":"https:\/\/aumfilms.eu\/index.php?rest_route=\/wp\/v2\/pages\/28\/revisions\/1599"}],"wp:attachment":[{"href":"https:\/\/aumfilms.eu\/index.php?rest_route=%2Fwp%2Fv2%2Fmedia&parent=28"}],"curies":[{"name":"wp","href":"https:\/\/api.w.org\/{rel}","templated":true}]}}