{"id":267,"date":"2024-10-28T15:10:48","date_gmt":"2024-10-28T14:10:48","guid":{"rendered":"https:\/\/aumfilms.eu\/?page_id=267"},"modified":"2025-02-07T18:29:58","modified_gmt":"2025-02-07T17:29:58","slug":"folie-poesie","status":"publish","type":"page","link":"https:\/\/aumfilms.eu\/?page_id=267","title":{"rendered":"Folie &#038; Po\u00e9sie"},"content":{"rendered":"\n<h2 class=\"wp-block-heading is-style-default has-system-serif-font-family\" style=\"font-size:clamp(46.18px, 2.886rem + ((1vw - 3.2px) * 4.565), 90px);font-style:normal;font-weight:700;line-height:1.1\">Folie &amp; Po\u00e9sie<\/h2>\n\n\n\n<div class=\"wp-block-group is-nowrap is-layout-flex wp-container-core-group-is-layout-6c531013 wp-block-group-is-layout-flex\">\n<h2 class=\"wp-block-heading has-accent-5-color has-text-color has-link-color has-system-serif-font-family wp-elements-4d917c35f35d51344b4ff5bf4f20dc2b\" style=\"padding-top:11px;font-size:clamp(14px, 0.875rem + ((1vw - 3.2px) * 0.625), 20px);line-height:0\"><br>un film de<\/h2>\n\n\n\n<h2 class=\"wp-block-heading has-text-color has-link-color has-system-serif-font-family wp-elements-c3c3cbb65d2f758a460e206b722c7e96\" style=\"color:#12121269;padding-top:0px;font-size:clamp(21.536px, 1.346rem + ((1vw - 3.2px) * 1.403), 35px);font-style:normal;font-weight:900\">Kess Baker<\/h2>\n<\/div>\n\n\n\n<p class=\"has-heading-font-family\"><br><br>Un lieu : Saint-Alban sur Limagnole et son h\u00f4pital psychiatrique, <br>ancr\u00e9 dans ces paysages sauvages de la Loz\u00e8re.<br><br>Une personne : Fran\u00e7ois Tosquelles, m\u00e9decin-psychiatre dans cet h\u00f4pital, instigateur de la psychoth\u00e9rapie institutionnelle, cr\u00e9ateur du journal interne <br>de l\u2019h\u00f4pital \u00ab Trait d\u2019union \u00bb, r\u00e9alisateur d\u2019un film sur la folie <br>et po\u00e8te en ses temps perdus. <\/p>\n\n\n\n<p class=\"has-heading-font-family\">Une mati\u00e8re filmique : ce film de Fran\u00e7ois Tosquelles de 1958, mais aussi les films tourn\u00e9s par les malades de l\u2019h\u00f4pital de Saint-Alban dans les ann\u00e9es 60 et 70, faisant partie de l\u2019ergoth\u00e9rapie. <\/p>\n\n\n\n<p class=\"has-heading-font-family\">De la po\u00e9sie : celle de Fran\u00e7ois Tosquelles, mais aussi celle de Paul \u00c9luard, <br>qui a s\u00e9journ\u00e9 dans cet h\u00f4pital pour fuir les Allemands, apr\u00e8s avoir publi\u00e9 <br>\u00ab Po\u00e9sie et v\u00e9rit\u00e9 \u00bb en 1942, avec le c\u00e9l\u00e8bre po\u00e8me \u00ab Libert\u00e9 \u00bb. <br>Ce s\u00e9jour lui inspira les \u00ab Souvenirs de la maison des fous \u00bb.<br><br>Voil\u00e0, les ingr\u00e9dients d\u2019une enqu\u00eate ; d\u2019une qu\u00eate\u2026<br><br><\/p>\n\n\n\n<figure class=\"wp-block-gallery alignfull has-nested-images columns-default is-cropped wp-block-gallery-1 is-layout-flex wp-block-gallery-is-layout-flex\">\n<figure class=\"wp-block-image size-full\"><img loading=\"lazy\" decoding=\"async\" width=\"641\" height=\"470\" data-id=\"699\" src=\"https:\/\/aumfilms.eu\/wp-content\/uploads\/2025\/01\/BATEAU.jpg\" alt=\"\" class=\"wp-image-699\" srcset=\"https:\/\/aumfilms.eu\/wp-content\/uploads\/2025\/01\/BATEAU.jpg 641w, https:\/\/aumfilms.eu\/wp-content\/uploads\/2025\/01\/BATEAU-300x220.jpg 300w\" sizes=\"auto, (max-width: 641px) 100vw, 641px\" \/><\/figure>\n\n\n\n<figure class=\"wp-block-image size-large\"><img loading=\"lazy\" decoding=\"async\" width=\"1024\" height=\"685\" data-id=\"700\" src=\"https:\/\/aumfilms.eu\/wp-content\/uploads\/2025\/01\/CAVACHANGER-1024x685.jpg\" alt=\"\" class=\"wp-image-700\" srcset=\"https:\/\/aumfilms.eu\/wp-content\/uploads\/2025\/01\/CAVACHANGER-1024x685.jpg 1024w, https:\/\/aumfilms.eu\/wp-content\/uploads\/2025\/01\/CAVACHANGER-300x201.jpg 300w, https:\/\/aumfilms.eu\/wp-content\/uploads\/2025\/01\/CAVACHANGER-768x514.jpg 768w, https:\/\/aumfilms.eu\/wp-content\/uploads\/2025\/01\/CAVACHANGER.jpg 1101w\" sizes=\"auto, (max-width: 1024px) 100vw, 1024px\" \/><\/figure>\n\n\n\n<figure class=\"wp-block-image size-full\"><img loading=\"lazy\" decoding=\"async\" width=\"843\" height=\"616\" data-id=\"702\" src=\"https:\/\/aumfilms.eu\/wp-content\/uploads\/2025\/01\/MOUSTACHE.jpg\" alt=\"\" class=\"wp-image-702\" srcset=\"https:\/\/aumfilms.eu\/wp-content\/uploads\/2025\/01\/MOUSTACHE.jpg 843w, https:\/\/aumfilms.eu\/wp-content\/uploads\/2025\/01\/MOUSTACHE-300x219.jpg 300w, https:\/\/aumfilms.eu\/wp-content\/uploads\/2025\/01\/MOUSTACHE-768x561.jpg 768w\" sizes=\"auto, (max-width: 843px) 100vw, 843px\" \/><\/figure>\n\n\n\n<figure class=\"wp-block-image size-large\"><img loading=\"lazy\" decoding=\"async\" width=\"1024\" height=\"764\" data-id=\"703\" src=\"https:\/\/aumfilms.eu\/wp-content\/uploads\/2025\/01\/ROCHER-1024x764.jpg\" alt=\"\" class=\"wp-image-703\" srcset=\"https:\/\/aumfilms.eu\/wp-content\/uploads\/2025\/01\/ROCHER-1024x764.jpg 1024w, https:\/\/aumfilms.eu\/wp-content\/uploads\/2025\/01\/ROCHER-300x224.jpg 300w, https:\/\/aumfilms.eu\/wp-content\/uploads\/2025\/01\/ROCHER-768x573.jpg 768w, https:\/\/aumfilms.eu\/wp-content\/uploads\/2025\/01\/ROCHER.jpg 1437w\" sizes=\"auto, (max-width: 1024px) 100vw, 1024px\" \/><\/figure>\n\n\n\n<figure class=\"wp-block-image size-large\"><img loading=\"lazy\" decoding=\"async\" width=\"1024\" height=\"757\" data-id=\"704\" src=\"https:\/\/aumfilms.eu\/wp-content\/uploads\/2025\/01\/TOSQUELLES-1024x757.jpg\" alt=\"\" class=\"wp-image-704\" srcset=\"https:\/\/aumfilms.eu\/wp-content\/uploads\/2025\/01\/TOSQUELLES-1024x757.jpg 1024w, https:\/\/aumfilms.eu\/wp-content\/uploads\/2025\/01\/TOSQUELLES-300x222.jpg 300w, https:\/\/aumfilms.eu\/wp-content\/uploads\/2025\/01\/TOSQUELLES-768x568.jpg 768w, https:\/\/aumfilms.eu\/wp-content\/uploads\/2025\/01\/TOSQUELLES.jpg 1453w\" sizes=\"auto, (max-width: 1024px) 100vw, 1024px\" \/><\/figure>\n\n\n\n<figure class=\"wp-block-image size-full\"><img loading=\"lazy\" decoding=\"async\" width=\"650\" height=\"520\" data-id=\"705\" src=\"https:\/\/aumfilms.eu\/wp-content\/uploads\/2025\/01\/VIN.jpg\" alt=\"\" class=\"wp-image-705\" srcset=\"https:\/\/aumfilms.eu\/wp-content\/uploads\/2025\/01\/VIN.jpg 650w, https:\/\/aumfilms.eu\/wp-content\/uploads\/2025\/01\/VIN-300x240.jpg 300w\" sizes=\"auto, (max-width: 650px) 100vw, 650px\" \/><\/figure>\n<\/figure>\n\n\n\n<h2 class=\"wp-block-heading has-text-color has-link-color wp-elements-751d49dbea21785418447ec60e8a0015\" style=\"color:#ffffff00\">\u2026\u2026\u2026\u2026\u2026\u2026\u2026\u2026\u2026\u2026\u2026\u2026\u2026\u2026<\/h2>\n\n\n\n<figure class=\"wp-block-embed is-type-video is-provider-vimeo wp-block-embed-vimeo wp-embed-aspect-16-9 wp-has-aspect-ratio\"><div class=\"wp-block-embed__wrapper\">\n<iframe loading=\"lazy\" src=\"https:\/\/player.vimeo.com\/video\/986326389?dnt=1&amp;app_id=122963\" width=\"500\" height=\"281\" frameborder=\"0\" allow=\"autoplay; fullscreen; picture-in-picture; clipboard-write; encrypted-media\"><\/iframe>\n<\/div><\/figure>\n","protected":false},"excerpt":{"rendered":"<p>Folie &amp; Po\u00e9sie un film de Kess Baker Un lieu : Saint-Alban sur Limagnole et son h\u00f4pital psychiatrique, ancr\u00e9 dans ces paysages sauvages de la Loz\u00e8re. Une personne : Fran\u00e7ois Tosquelles, m\u00e9decin-psychiatre dans cet h\u00f4pital, instigateur de la psychoth\u00e9rapie institutionnelle, cr\u00e9ateur du journal interne de l\u2019h\u00f4pital \u00ab Trait d\u2019union \u00bb, r\u00e9alisateur d\u2019un film sur la [&hellip;]<\/p>\n","protected":false},"author":1,"featured_media":0,"parent":0,"menu_order":0,"comment_status":"closed","ping_status":"closed","template":"","meta":{"footnotes":""},"class_list":["post-267","page","type-page","status-publish","hentry"],"_links":{"self":[{"href":"https:\/\/aumfilms.eu\/index.php?rest_route=\/wp\/v2\/pages\/267","targetHints":{"allow":["GET"]}}],"collection":[{"href":"https:\/\/aumfilms.eu\/index.php?rest_route=\/wp\/v2\/pages"}],"about":[{"href":"https:\/\/aumfilms.eu\/index.php?rest_route=\/wp\/v2\/types\/page"}],"author":[{"embeddable":true,"href":"https:\/\/aumfilms.eu\/index.php?rest_route=\/wp\/v2\/users\/1"}],"replies":[{"embeddable":true,"href":"https:\/\/aumfilms.eu\/index.php?rest_route=%2Fwp%2Fv2%2Fcomments&post=267"}],"version-history":[{"count":11,"href":"https:\/\/aumfilms.eu\/index.php?rest_route=\/wp\/v2\/pages\/267\/revisions"}],"predecessor-version":[{"id":1605,"href":"https:\/\/aumfilms.eu\/index.php?rest_route=\/wp\/v2\/pages\/267\/revisions\/1605"}],"wp:attachment":[{"href":"https:\/\/aumfilms.eu\/index.php?rest_route=%2Fwp%2Fv2%2Fmedia&parent=267"}],"curies":[{"name":"wp","href":"https:\/\/api.w.org\/{rel}","templated":true}]}}