{"id":19,"date":"2024-10-25T14:44:28","date_gmt":"2024-10-25T12:44:28","guid":{"rendered":"https:\/\/aumfilms.eu\/?page_id=19"},"modified":"2025-01-30T12:38:04","modified_gmt":"2025-01-30T11:38:04","slug":"qui-sommes-nous","status":"publish","type":"page","link":"https:\/\/aumfilms.eu\/?page_id=19","title":{"rendered":"Qui sommes nous ?"},"content":{"rendered":"\n<div class=\"wp-block-group alignfull has-base-background-color has-background has-global-padding is-content-justification-center is-layout-constrained wp-container-core-group-is-layout-e7e2bd91 wp-block-group-is-layout-constrained\" style=\"margin-top:0;margin-bottom:0;padding-top:0;padding-right:0;padding-bottom:0;padding-left:0\">\n<div class=\"wp-block-columns alignwide are-vertically-aligned-top is-layout-flex wp-container-core-columns-is-layout-1da03c2a wp-block-columns-is-layout-flex\">\n<div class=\"wp-block-column is-layout-flow wp-block-column-is-layout-flow\">\n<p class=\"has-heading-font-family has-medium-font-size\" style=\"line-height:1.5\"><mark style=\"background-color:#f9f9f9\" class=\"has-inline-color has-base-color\">aaaa<\/mark>Install\u00e9e dans le Gard \u00e0 Monoblet, village c\u00e9venol du sud de la France, la soci\u00e9t\u00e9 aum \u00c9DITIONS d\u00e9sireuse de d\u00e9velopper des projets documentaires, <br>\u00e9largit en 2003 ses activit\u00e9s d&rsquo;\u00e9dition \u00e0 la production et la r\u00e9alisation de films \u00e0 destination du cin\u00e9ma, de la t\u00e9l\u00e9vision, de la vid\u00e9o ou du multim\u00e9dia.<\/p>\n\n\n\n<p class=\"has-heading-font-family has-medium-font-size\" id=\"u2305-7\" style=\"line-height:1.5\"><mark style=\"background-color:#f9f9f9\" class=\"has-inline-color has-base-color\">aaaa<\/mark>La dimension europ\u00e9enne et internationale des films produits est aujourd&rsquo;hui importante. Elle permet de nouvelles rencontres, des regards diff\u00e9rents et compl\u00e9mentaires, des financements plus cons\u00e9quents, et, une plus grande circulation des oeuvres. Nous tenons ainsi \u00e0 d\u00e9velopper des projets internationaux, <br>aux c\u00f4t\u00e9s de productions nationales.<\/p>\n\n\n\n<p class=\"has-heading-font-family has-medium-font-size\" id=\"u2305-10\" style=\"padding-top:0;padding-right:0;padding-bottom:0;padding-left:0;line-height:1.5\"><mark style=\"background-color:#f9f9f9\" class=\"has-inline-color has-base-color\">aaai<\/mark>Faire revivre les souvenirs d\u2019une histoire r\u00e9volue, devancer la disparition des moyens de propagation de la m\u00e9moire, accompagner les transformations et les mutations d\u2019un village ou d\u2019un pays ; les aborder en faisant glisser notre regard sur leurs architectures, puis en les p\u00e9n\u00e9trant, r\u00e9v\u00e9ler ainsi une part de leurs secrets <br>qu\u2019ils nous auront confi\u00e9s.<\/p>\n\n\n\n<p class=\"has-heading-font-family has-medium-font-size\" id=\"u2305-13\" style=\"line-height:1.5\"><mark style=\"background-color:#f9f9f9\" class=\"has-inline-color has-base-color\">aaa<\/mark>Port\u00e9s par une grande curiosit\u00e9 de l\u2019humain et ouvrir de nouvelles pistes qui r\u00e9-enchantent le monde, voil\u00e0 deux des piliers qui nous permettent de transmettre <br>les exp\u00e9riences des uns aux regards des autres.<\/p>\n\n\n\n<p class=\"has-heading-font-family has-medium-font-size\" style=\"line-height:1.5\"><mark style=\"background-color:#f9f9f9\" class=\"has-inline-color has-base-color\">aaa<\/mark>Nous n\u2019avons d\u2019autre option, pour affronter la crise capitaliste mondiale, que de nous unir.<br><br><\/p>\n<\/div>\n<\/div>\n<\/div>\n\n\n\n<figure class=\"wp-block-image alignfull size-large\" style=\"margin-top:0;margin-bottom:0\"><img loading=\"lazy\" decoding=\"async\" width=\"1024\" height=\"228\" src=\"http:\/\/aumfilms.eu\/wp-content\/uploads\/2025\/01\/Panorama-Anatolie-1024x228.jpg\" alt=\"\" class=\"wp-image-1227\" srcset=\"https:\/\/aumfilms.eu\/wp-content\/uploads\/2025\/01\/Panorama-Anatolie-1024x228.jpg 1024w, https:\/\/aumfilms.eu\/wp-content\/uploads\/2025\/01\/Panorama-Anatolie-300x67.jpg 300w, https:\/\/aumfilms.eu\/wp-content\/uploads\/2025\/01\/Panorama-Anatolie-768x171.jpg 768w, https:\/\/aumfilms.eu\/wp-content\/uploads\/2025\/01\/Panorama-Anatolie-1536x342.jpg 1536w, https:\/\/aumfilms.eu\/wp-content\/uploads\/2025\/01\/Panorama-Anatolie-2048x456.jpg 2048w\" sizes=\"auto, (max-width: 1024px) 100vw, 1024px\" \/><\/figure>\n","protected":false},"excerpt":{"rendered":"<p>aaaaInstall\u00e9e dans le Gard \u00e0 Monoblet, village c\u00e9venol du sud de la France, la soci\u00e9t\u00e9 aum \u00c9DITIONS d\u00e9sireuse de d\u00e9velopper des projets documentaires, \u00e9largit en 2003 ses activit\u00e9s d&rsquo;\u00e9dition \u00e0 la production et la r\u00e9alisation de films \u00e0 destination du cin\u00e9ma, de la t\u00e9l\u00e9vision, de la vid\u00e9o ou du multim\u00e9dia. aaaaLa dimension europ\u00e9enne et internationale [&hellip;]<\/p>\n","protected":false},"author":1,"featured_media":0,"parent":0,"menu_order":0,"comment_status":"closed","ping_status":"closed","template":"","meta":{"footnotes":""},"class_list":["post-19","page","type-page","status-publish","hentry"],"_links":{"self":[{"href":"https:\/\/aumfilms.eu\/index.php?rest_route=\/wp\/v2\/pages\/19","targetHints":{"allow":["GET"]}}],"collection":[{"href":"https:\/\/aumfilms.eu\/index.php?rest_route=\/wp\/v2\/pages"}],"about":[{"href":"https:\/\/aumfilms.eu\/index.php?rest_route=\/wp\/v2\/types\/page"}],"author":[{"embeddable":true,"href":"https:\/\/aumfilms.eu\/index.php?rest_route=\/wp\/v2\/users\/1"}],"replies":[{"embeddable":true,"href":"https:\/\/aumfilms.eu\/index.php?rest_route=%2Fwp%2Fv2%2Fcomments&post=19"}],"version-history":[{"count":32,"href":"https:\/\/aumfilms.eu\/index.php?rest_route=\/wp\/v2\/pages\/19\/revisions"}],"predecessor-version":[{"id":1595,"href":"https:\/\/aumfilms.eu\/index.php?rest_route=\/wp\/v2\/pages\/19\/revisions\/1595"}],"wp:attachment":[{"href":"https:\/\/aumfilms.eu\/index.php?rest_route=%2Fwp%2Fv2%2Fmedia&parent=19"}],"curies":[{"name":"wp","href":"https:\/\/api.w.org\/{rel}","templated":true}]}}