{"id":1343,"date":"2025-01-29T11:26:18","date_gmt":"2025-01-29T10:26:18","guid":{"rendered":"https:\/\/aumfilms.eu\/?page_id=1343"},"modified":"2025-01-29T14:58:56","modified_gmt":"2025-01-29T13:58:56","slug":"nassredin","status":"publish","type":"page","link":"https:\/\/aumfilms.eu\/?page_id=1343","title":{"rendered":"Nasreddin"},"content":{"rendered":"\n<h2 class=\"wp-block-heading alignwide has-text-align-center has-text-color has-link-color has-body-font-family wp-elements-e5e28c790a2d291d55b4b9dd6ce8170b\" style=\"color:#f7b54d;font-size:clamp(51.737px, 3.234rem + ((1vw - 3.2px) * 5.444), 104px);font-style:normal;font-weight:600\">Faits et dits de Nasreddin<\/h2>\n\n\n\n<div class=\"wp-block-group is-nowrap is-layout-flex wp-container-core-group-is-layout-6c531013 wp-block-group-is-layout-flex\">\n<div class=\"wp-block-group is-nowrap is-layout-flex wp-container-core-group-is-layout-6c531013 wp-block-group-is-layout-flex\">\n<h2 class=\"wp-block-heading has-accent-5-color has-text-color has-link-color has-body-font-family wp-elements-871714dc98d4023102da9799c3c131f3\" style=\"font-size:clamp(16.293px, 1.018rem + ((1vw - 3.2px) * 0.907), 25px);font-style:normal;font-weight:500\">films de<\/h2>\n<\/div>\n\n\n\n<h2 class=\"wp-block-heading has-text-color has-link-color has-body-font-family wp-elements-190e968faab9885a3acd10b5851f81b8\" style=\"color:#12121273;font-style:normal;font-weight:700\">Pierre-Marie Goulet<\/h2>\n<\/div>\n\n\n\n<h2 class=\"wp-block-heading alignwide has-text-align-left\" style=\"border-style:none;border-width:0px;font-size:clamp(14px, 0.875rem + ((1vw - 3.2px) * 0.417), 18px);\"><br><br>Nasreddin Hodja est le \u00ab h\u00e9ros\u00a0\u00bb de centaines d\u2019histoires o\u00f9 le rire est provoqu\u00e9 par sa na\u00efvet\u00e9 et par la subversion de notre logique habituelle. Il est une des figures les plus populaires du Proche et du Moyen Orient, des Balkans, mais on retrouve des histoires identiques en Inde, en Chine, en Afrique du Nord, en Perse, en Arm\u00e9nie, en Gr\u00e8ce, etc<br><br>Au-del\u00e0 de leurs origines g\u00e9ographiques, historiques et culturelles, ces histoires ont une r\u00e9sonance universelle que manifeste bien la multitude des pays dans lesquels elles se sont r\u00e9pandues. Elles ont en commun de proc\u00e9der \u00e0 un renversement de \u00ab point de vue\u00a0\u00bb qui fait voler en \u00e9clat notre mani\u00e8re \u00e9tablie de voir les choses, les gens, le monde et leurs relations. Au-del\u00e0 du sourire elles ont d\u2019infinies r\u00e9sonances. Sur les ruines de l\u2019ordre ainsi pulv\u00e9ris\u00e9, peut na\u00eetre un autre regard. Ce n&rsquo;est donc pas un hasard si les premi\u00e8res histoires de Nasreddin qui me furent cont\u00e9es, le furent par des sufis turcs, qui se d\u00e9lectaient en les racontant tout en les utilisant, l&rsquo;air de rien, pour apporter un nouvel \u00e9clairage \u00e0 une situation quotidienne.<br><br>Cependant il serait n\u00e9faste de tenter une approche \u00ab didactique\u00a0\u00bb ou pr\u00e9tendument \u00ab profonde\u00a0\u00bb du contenu de ces histoires et de vouloir \u00e0 tout prix leur faire avouer leur sagesse. Ce serait les enfermer dans une cage beaucoup trop \u00e9troite et le plus profond de leur sagesse ne se laisse pas enfermer. Elles sont porteuses d\u2019infiniment plus de richesses que n\u2019en pourrait d\u00e9voiler l\u2019\u00e9quivalent d\u2019une \u00ab morale de la fable\u00a0\u00bb.<br><br>Alors laissons-nous prendre simplement, na\u00efvement, par le rire ou le sourire qu\u2019elles peuvent susciter en nous. <br>Le reste fera son chemin si nous ne nous en pr\u00e9occupons pas intempestivement.<\/h2>\n\n\n\n<h2 class=\"wp-block-heading alignwide has-body-font-family\" style=\"border-style:none;border-width:0px;border-radius:0px;font-size:14px;font-style:normal;font-weight:500\">Pierre-Marie Goulet extraits note d&rsquo;intention<br><br><br><br><\/h2>\n\n\n\n<figure class=\"wp-block-gallery alignwide has-nested-images columns-default is-cropped wp-block-gallery-1 is-layout-flex wp-block-gallery-is-layout-flex\">\n<figure class=\"wp-block-image size-large\"><img loading=\"lazy\" decoding=\"async\" width=\"720\" height=\"400\" data-id=\"1368\" src=\"https:\/\/aumfilms.eu\/wp-content\/uploads\/2025\/01\/Faits-et-dits-de-Nasreddin-II-1.png\" alt=\"\" class=\"wp-image-1368\" srcset=\"https:\/\/aumfilms.eu\/wp-content\/uploads\/2025\/01\/Faits-et-dits-de-Nasreddin-II-1.png 720w, https:\/\/aumfilms.eu\/wp-content\/uploads\/2025\/01\/Faits-et-dits-de-Nasreddin-II-1-300x167.png 300w\" sizes=\"auto, (max-width: 720px) 100vw, 720px\" \/><\/figure>\n\n\n\n<figure class=\"wp-block-image size-large\"><img loading=\"lazy\" decoding=\"async\" width=\"720\" height=\"400\" data-id=\"1370\" src=\"https:\/\/aumfilms.eu\/wp-content\/uploads\/2025\/01\/Faits-et-dits-de-Nasreddin-II-2.png\" alt=\"\" class=\"wp-image-1370\" srcset=\"https:\/\/aumfilms.eu\/wp-content\/uploads\/2025\/01\/Faits-et-dits-de-Nasreddin-II-2.png 720w, https:\/\/aumfilms.eu\/wp-content\/uploads\/2025\/01\/Faits-et-dits-de-Nasreddin-II-2-300x167.png 300w\" sizes=\"auto, (max-width: 720px) 100vw, 720px\" \/><\/figure>\n\n\n\n<figure class=\"wp-block-image size-large\"><img loading=\"lazy\" decoding=\"async\" width=\"1024\" height=\"576\" data-id=\"1380\" src=\"http:\/\/aumfilms.eu\/wp-content\/uploads\/2025\/01\/Nasreddin_02-1024x576.jpg\" alt=\"\" class=\"wp-image-1380\" srcset=\"https:\/\/aumfilms.eu\/wp-content\/uploads\/2025\/01\/Nasreddin_02-1024x576.jpg 1024w, https:\/\/aumfilms.eu\/wp-content\/uploads\/2025\/01\/Nasreddin_02-300x169.jpg 300w, https:\/\/aumfilms.eu\/wp-content\/uploads\/2025\/01\/Nasreddin_02-768x432.jpg 768w, https:\/\/aumfilms.eu\/wp-content\/uploads\/2025\/01\/Nasreddin_02-1536x864.jpg 1536w, https:\/\/aumfilms.eu\/wp-content\/uploads\/2025\/01\/Nasreddin_02-2048x1152.jpg 2048w\" sizes=\"auto, (max-width: 1024px) 100vw, 1024px\" \/><\/figure>\n\n\n\n<figure class=\"wp-block-image size-large\"><img loading=\"lazy\" decoding=\"async\" width=\"1024\" height=\"632\" data-id=\"1376\" src=\"https:\/\/aumfilms.eu\/wp-content\/uploads\/2025\/01\/Le-vol-du-chat_03-1024x632.png\" alt=\"\" class=\"wp-image-1376\" srcset=\"https:\/\/aumfilms.eu\/wp-content\/uploads\/2025\/01\/Le-vol-du-chat_03-1024x632.png 1024w, https:\/\/aumfilms.eu\/wp-content\/uploads\/2025\/01\/Le-vol-du-chat_03-300x185.png 300w, https:\/\/aumfilms.eu\/wp-content\/uploads\/2025\/01\/Le-vol-du-chat_03-768x474.png 768w, https:\/\/aumfilms.eu\/wp-content\/uploads\/2025\/01\/Le-vol-du-chat_03-1536x948.png 1536w, https:\/\/aumfilms.eu\/wp-content\/uploads\/2025\/01\/Le-vol-du-chat_03-2048x1264.png 2048w\" sizes=\"auto, (max-width: 1024px) 100vw, 1024px\" \/><\/figure>\n\n\n\n<figure class=\"wp-block-image size-full\"><img loading=\"lazy\" decoding=\"async\" width=\"3666\" height=\"2234\" data-id=\"1378\" src=\"http:\/\/aumfilms.eu\/wp-content\/uploads\/2025\/01\/Le-vol-du-chat_02.png\" alt=\"\" class=\"wp-image-1378\" srcset=\"https:\/\/aumfilms.eu\/wp-content\/uploads\/2025\/01\/Le-vol-du-chat_02.png 3666w, https:\/\/aumfilms.eu\/wp-content\/uploads\/2025\/01\/Le-vol-du-chat_02-300x183.png 300w\" sizes=\"auto, (max-width: 3666px) 100vw, 3666px\" \/><\/figure>\n\n\n\n<figure class=\"wp-block-image size-large\"><img loading=\"lazy\" decoding=\"async\" width=\"1024\" height=\"711\" data-id=\"1371\" src=\"https:\/\/aumfilms.eu\/wp-content\/uploads\/2025\/01\/Nasreddin_03-1024x711.jpg\" alt=\"\" class=\"wp-image-1371\" srcset=\"https:\/\/aumfilms.eu\/wp-content\/uploads\/2025\/01\/Nasreddin_03-1024x711.jpg 1024w, https:\/\/aumfilms.eu\/wp-content\/uploads\/2025\/01\/Nasreddin_03-300x208.jpg 300w, https:\/\/aumfilms.eu\/wp-content\/uploads\/2025\/01\/Nasreddin_03-768x533.jpg 768w, https:\/\/aumfilms.eu\/wp-content\/uploads\/2025\/01\/Nasreddin_03-1536x1066.jpg 1536w, https:\/\/aumfilms.eu\/wp-content\/uploads\/2025\/01\/Nasreddin_03.jpg 1567w\" sizes=\"auto, (max-width: 1024px) 100vw, 1024px\" \/><\/figure>\n\n\n\n<figure class=\"wp-block-image size-large\"><img loading=\"lazy\" decoding=\"async\" width=\"1024\" height=\"634\" data-id=\"1379\" src=\"https:\/\/aumfilms.eu\/wp-content\/uploads\/2025\/01\/Quelle-allure_00-1024x634.png\" alt=\"\" class=\"wp-image-1379\" srcset=\"https:\/\/aumfilms.eu\/wp-content\/uploads\/2025\/01\/Quelle-allure_00-1024x634.png 1024w, https:\/\/aumfilms.eu\/wp-content\/uploads\/2025\/01\/Quelle-allure_00-300x186.png 300w, https:\/\/aumfilms.eu\/wp-content\/uploads\/2025\/01\/Quelle-allure_00-768x475.png 768w, https:\/\/aumfilms.eu\/wp-content\/uploads\/2025\/01\/Quelle-allure_00-1536x950.png 1536w, https:\/\/aumfilms.eu\/wp-content\/uploads\/2025\/01\/Quelle-allure_00-2048x1267.png 2048w\" sizes=\"auto, (max-width: 1024px) 100vw, 1024px\" \/><\/figure>\n\n\n\n<figure class=\"wp-block-image size-large\"><img loading=\"lazy\" decoding=\"async\" width=\"1024\" height=\"637\" data-id=\"1377\" src=\"https:\/\/aumfilms.eu\/wp-content\/uploads\/2025\/01\/Quelle-allure_01-1024x637.png\" alt=\"\" class=\"wp-image-1377\" srcset=\"https:\/\/aumfilms.eu\/wp-content\/uploads\/2025\/01\/Quelle-allure_01-1024x637.png 1024w, https:\/\/aumfilms.eu\/wp-content\/uploads\/2025\/01\/Quelle-allure_01-300x187.png 300w, https:\/\/aumfilms.eu\/wp-content\/uploads\/2025\/01\/Quelle-allure_01-768x478.png 768w, https:\/\/aumfilms.eu\/wp-content\/uploads\/2025\/01\/Quelle-allure_01-1536x955.png 1536w, https:\/\/aumfilms.eu\/wp-content\/uploads\/2025\/01\/Quelle-allure_01-2048x1273.png 2048w\" sizes=\"auto, (max-width: 1024px) 100vw, 1024px\" \/><\/figure>\n\n\n\n<figure class=\"wp-block-image size-large\"><img loading=\"lazy\" decoding=\"async\" width=\"1024\" height=\"637\" data-id=\"1373\" src=\"https:\/\/aumfilms.eu\/wp-content\/uploads\/2025\/01\/Quelle-allure_02-1024x637.png\" alt=\"\" class=\"wp-image-1373\" srcset=\"https:\/\/aumfilms.eu\/wp-content\/uploads\/2025\/01\/Quelle-allure_02-1024x637.png 1024w, https:\/\/aumfilms.eu\/wp-content\/uploads\/2025\/01\/Quelle-allure_02-300x187.png 300w, https:\/\/aumfilms.eu\/wp-content\/uploads\/2025\/01\/Quelle-allure_02-768x478.png 768w, https:\/\/aumfilms.eu\/wp-content\/uploads\/2025\/01\/Quelle-allure_02-1536x956.png 1536w, https:\/\/aumfilms.eu\/wp-content\/uploads\/2025\/01\/Quelle-allure_02-2048x1275.png 2048w\" sizes=\"auto, (max-width: 1024px) 100vw, 1024px\" \/><\/figure>\n\n\n\n<figure class=\"wp-block-image size-large\"><img loading=\"lazy\" decoding=\"async\" width=\"1024\" height=\"630\" data-id=\"1374\" src=\"https:\/\/aumfilms.eu\/wp-content\/uploads\/2025\/01\/Qui-est-la_01-1024x630.png\" alt=\"\" class=\"wp-image-1374\" srcset=\"https:\/\/aumfilms.eu\/wp-content\/uploads\/2025\/01\/Qui-est-la_01-1024x630.png 1024w, https:\/\/aumfilms.eu\/wp-content\/uploads\/2025\/01\/Qui-est-la_01-300x185.png 300w, https:\/\/aumfilms.eu\/wp-content\/uploads\/2025\/01\/Qui-est-la_01-768x472.png 768w, https:\/\/aumfilms.eu\/wp-content\/uploads\/2025\/01\/Qui-est-la_01-1536x945.png 1536w, https:\/\/aumfilms.eu\/wp-content\/uploads\/2025\/01\/Qui-est-la_01-2048x1260.png 2048w\" sizes=\"auto, (max-width: 1024px) 100vw, 1024px\" \/><\/figure>\n\n\n\n<figure class=\"wp-block-image size-large\"><img loading=\"lazy\" decoding=\"async\" width=\"1024\" height=\"608\" data-id=\"1372\" src=\"https:\/\/aumfilms.eu\/wp-content\/uploads\/2025\/01\/Qui-est-la01-1024x608.jpg\" alt=\"\" class=\"wp-image-1372\" srcset=\"https:\/\/aumfilms.eu\/wp-content\/uploads\/2025\/01\/Qui-est-la01-1024x608.jpg 1024w, https:\/\/aumfilms.eu\/wp-content\/uploads\/2025\/01\/Qui-est-la01-300x178.jpg 300w, https:\/\/aumfilms.eu\/wp-content\/uploads\/2025\/01\/Qui-est-la01-768x456.jpg 768w, https:\/\/aumfilms.eu\/wp-content\/uploads\/2025\/01\/Qui-est-la01-1536x912.jpg 1536w, https:\/\/aumfilms.eu\/wp-content\/uploads\/2025\/01\/Qui-est-la01.jpg 1600w\" sizes=\"auto, (max-width: 1024px) 100vw, 1024px\" \/><\/figure>\n<\/figure>\n\n\n\n<blockquote class=\"wp-block-quote is-layout-flow wp-container-core-quote-is-layout-6d5da566 wp-block-quote-is-layout-flow\" style=\"border-style:none;border-width:0px;border-radius:0px;margin-top:var(--wp--preset--spacing--10);margin-right:0;margin-bottom:var(--wp--preset--spacing--10);margin-left:0;padding-top:0;padding-right:var(--wp--preset--spacing--10);padding-bottom:0;padding-left:var(--wp--preset--spacing--10)\">\n<p class=\"has-heading-font-family\" style=\"border-style:none;border-width:0px;border-radius:0px;margin-top:0;margin-right:0;margin-bottom:0;margin-left:0;font-size:clamp(14px, 0.875rem + ((1vw - 3.2px) * 0.625), 20px);font-style:italic;font-weight:400\"><br>\u2026 Au final, pourquoi ne pas simplifier nous aussi nos relations sociales, comme Nasreddin le fait avec une de ses connaissances, en s\u2019\u00e9vitant les banales politesses pr\u00e9c\u00e9dant toute discussion ? <br><\/p>\n\n\n\n<p class=\"has-heading-font-family\" style=\"border-style:none;border-width:0px;border-radius:0px;margin-top:0;margin-right:0;margin-bottom:0;margin-left:0;font-size:clamp(14px, 0.875rem + ((1vw - 3.2px) * 0.625), 20px);font-style:italic;font-weight:400\">Pourquoi ne pas essayer de transformer par exemple un lac en yaourt\u2026 <br><\/p>\n\n\n\n<p class=\"has-heading-font-family\" style=\"border-style:none;border-width:0px;border-radius:0px;margin-top:0;margin-right:0;margin-bottom:0;margin-left:0;font-size:clamp(14px, 0.875rem + ((1vw - 3.2px) * 0.625), 20px);font-style:italic;font-weight:400\">\u00ab Et si \u00e7a fonctionnait&nbsp; \u00bb ?<\/p>\n\n\n\n<p class=\"has-text-align-right has-custom-color-2-color has-text-color has-link-color has-body-font-family wp-elements-2c4edac33fb9181bacebf951170c3bc9\" style=\"font-size:clamp(14px, 0.875rem + ((1vw - 3.2px) * 0.104), 15px);font-style:normal;font-weight:600\">Zo\u00e9 Libault @ Format court<br><\/p>\n<\/blockquote>\n","protected":false},"excerpt":{"rendered":"<p>Faits et dits de Nasreddin films de Pierre-Marie Goulet Nasreddin Hodja est le \u00ab h\u00e9ros\u00a0\u00bb de centaines d\u2019histoires o\u00f9 le rire est provoqu\u00e9 par sa na\u00efvet\u00e9 et par la subversion de notre logique habituelle. Il est une des figures les plus populaires du Proche et du Moyen Orient, des Balkans, mais on retrouve des histoires [&hellip;]<\/p>\n","protected":false},"author":1,"featured_media":0,"parent":0,"menu_order":0,"comment_status":"closed","ping_status":"closed","template":"","meta":{"footnotes":""},"class_list":["post-1343","page","type-page","status-publish","hentry"],"_links":{"self":[{"href":"https:\/\/aumfilms.eu\/index.php?rest_route=\/wp\/v2\/pages\/1343","targetHints":{"allow":["GET"]}}],"collection":[{"href":"https:\/\/aumfilms.eu\/index.php?rest_route=\/wp\/v2\/pages"}],"about":[{"href":"https:\/\/aumfilms.eu\/index.php?rest_route=\/wp\/v2\/types\/page"}],"author":[{"embeddable":true,"href":"https:\/\/aumfilms.eu\/index.php?rest_route=\/wp\/v2\/users\/1"}],"replies":[{"embeddable":true,"href":"https:\/\/aumfilms.eu\/index.php?rest_route=%2Fwp%2Fv2%2Fcomments&post=1343"}],"version-history":[{"count":21,"href":"https:\/\/aumfilms.eu\/index.php?rest_route=\/wp\/v2\/pages\/1343\/revisions"}],"predecessor-version":[{"id":1388,"href":"https:\/\/aumfilms.eu\/index.php?rest_route=\/wp\/v2\/pages\/1343\/revisions\/1388"}],"wp:attachment":[{"href":"https:\/\/aumfilms.eu\/index.php?rest_route=%2Fwp%2Fv2%2Fmedia&parent=1343"}],"curies":[{"name":"wp","href":"https:\/\/api.w.org\/{rel}","templated":true}]}}