{"id":1306,"date":"2025-01-28T18:19:55","date_gmt":"2025-01-28T17:19:55","guid":{"rendered":"https:\/\/aumfilms.eu\/?page_id=1306"},"modified":"2025-01-29T16:59:04","modified_gmt":"2025-01-29T15:59:04","slug":"emma","status":"publish","type":"page","link":"https:\/\/aumfilms.eu\/?page_id=1306","title":{"rendered":"Emma"},"content":{"rendered":"\n<h2 class=\"wp-block-heading alignwide has-text-color has-link-color has-system-serif-font-family wp-elements-16f59162ab87ea36de3ea56f862cba55\" style=\"color:#41801d;font-size:clamp(85.342px, 5.334rem + ((1vw - 3.2px) * 11.944), 200px);\">Emma<\/h2>\n\n\n\n<div class=\"wp-block-group alignwide is-nowrap is-layout-flex wp-container-core-group-is-layout-6c531013 wp-block-group-is-layout-flex\">\n<h2 class=\"wp-block-heading alignwide has-contrast-3-color has-text-color has-link-color has-heading-font-family wp-elements-43376dfd5036499d97844b4cba7ef21d\" style=\"font-size:clamp(20px, 1.25rem + ((1vw - 3.2px) * 1.25), 32px);font-style:italic;font-weight:700\">un film de<\/h2>\n\n\n\n<h2 class=\"wp-block-heading has-text-color has-link-color wp-elements-d7b23a3f0c8a7e95dad00619190c0720\" style=\"color:#636363cf;font-size:clamp(28.836px, 1.802rem + ((1vw - 3.2px) * 2.205), 50px);font-style:normal;font-weight:600\">Laurence Kirsch<\/h2>\n<\/div>\n\n\n\n<h2 class=\"wp-block-heading alignwide\" style=\"font-size:clamp(14.642px, 0.915rem + ((1vw - 3.2px) * 0.766), 22px);\">Le film raconte une crise d&rsquo;adolescence, celle d&rsquo;Emma, il interroge aussi ure \u00e9poque, une g\u00e9n\u00e9ration en manque et en qu\u00eate de rep\u00e8re.<br><br>Entre la volont\u00e9 de se lib\u00e9rer de ses carcans et la recherche d&rsquo;un cadre rassurant, Emma devient une femme. C&rsquo;est sur ce passage, cette sortie vers le monde que se tend le film.<br><br>L&rsquo;envol du nid, m\u00eame s&rsquo;il est effectif lorsqu&rsquo;Emma quitte la maison, c&rsquo;est en fait \u00e0 un envol id\u00e9ologique que te film nous invite, <br>Un envol radical dans sa rupture. Un acte fort de la part d&rsquo;Emma, une r\u00e9v\u00e9lation qui va bouleverser le cours des choses\u2026<br><br><\/h2>\n\n\n\n<figure class=\"wp-block-gallery alignfull has-nested-images columns-default is-cropped wp-block-gallery-1 is-layout-flex wp-block-gallery-is-layout-flex\">\n<figure class=\"wp-block-image size-large\"><img loading=\"lazy\" decoding=\"async\" width=\"926\" height=\"522\" data-id=\"1070\" src=\"https:\/\/aumfilms.eu\/wp-content\/uploads\/2025\/01\/le-monde-demma-copie.jpg\" alt=\"\" class=\"wp-image-1070\" srcset=\"https:\/\/aumfilms.eu\/wp-content\/uploads\/2025\/01\/le-monde-demma-copie.jpg 926w, https:\/\/aumfilms.eu\/wp-content\/uploads\/2025\/01\/le-monde-demma-copie-300x169.jpg 300w, https:\/\/aumfilms.eu\/wp-content\/uploads\/2025\/01\/le-monde-demma-copie-768x433.jpg 768w\" sizes=\"auto, (max-width: 926px) 100vw, 926px\" \/><\/figure>\n\n\n\n<figure class=\"wp-block-image size-large\" style=\"margin-top:0;margin-bottom:0\"><img loading=\"lazy\" decoding=\"async\" width=\"1024\" height=\"576\" data-id=\"1332\" src=\"https:\/\/aumfilms.eu\/wp-content\/uploads\/2025\/01\/TISSAGE-1-1024x576.png\" alt=\"\" class=\"wp-image-1332\" srcset=\"https:\/\/aumfilms.eu\/wp-content\/uploads\/2025\/01\/TISSAGE-1-1024x576.png 1024w, https:\/\/aumfilms.eu\/wp-content\/uploads\/2025\/01\/TISSAGE-1-300x169.png 300w, https:\/\/aumfilms.eu\/wp-content\/uploads\/2025\/01\/TISSAGE-1-768x432.png 768w, https:\/\/aumfilms.eu\/wp-content\/uploads\/2025\/01\/TISSAGE-1-1536x864.png 1536w, https:\/\/aumfilms.eu\/wp-content\/uploads\/2025\/01\/TISSAGE-1.png 1854w\" sizes=\"auto, (max-width: 1024px) 100vw, 1024px\" \/><\/figure>\n\n\n\n<figure class=\"wp-block-image size-large is-style-default\"><img loading=\"lazy\" decoding=\"async\" width=\"1024\" height=\"576\" data-id=\"1069\" src=\"https:\/\/aumfilms.eu\/wp-content\/uploads\/2025\/01\/Emma01-1024x576.jpg\" alt=\"\" class=\"wp-image-1069\" srcset=\"https:\/\/aumfilms.eu\/wp-content\/uploads\/2025\/01\/Emma01-1024x576.jpg 1024w, https:\/\/aumfilms.eu\/wp-content\/uploads\/2025\/01\/Emma01-300x169.jpg 300w, https:\/\/aumfilms.eu\/wp-content\/uploads\/2025\/01\/Emma01-768x432.jpg 768w, https:\/\/aumfilms.eu\/wp-content\/uploads\/2025\/01\/Emma01.jpg 1474w\" sizes=\"auto, (max-width: 1024px) 100vw, 1024px\" \/><\/figure>\n<\/figure>\n\n\n\n<figure class=\"wp-block-gallery alignfull has-nested-images columns-default is-cropped wp-block-gallery-2 is-layout-flex wp-block-gallery-is-layout-flex\">\n<figure class=\"wp-block-image size-large\"><img loading=\"lazy\" decoding=\"async\" width=\"1024\" height=\"578\" data-id=\"1323\" src=\"https:\/\/aumfilms.eu\/wp-content\/uploads\/2025\/01\/Capture-decran-2024-11-01-a-16.35.23-1024x578.png\" alt=\"\" class=\"wp-image-1323\" srcset=\"https:\/\/aumfilms.eu\/wp-content\/uploads\/2025\/01\/Capture-decran-2024-11-01-a-16.35.23-1024x578.png 1024w, https:\/\/aumfilms.eu\/wp-content\/uploads\/2025\/01\/Capture-decran-2024-11-01-a-16.35.23-300x169.png 300w, https:\/\/aumfilms.eu\/wp-content\/uploads\/2025\/01\/Capture-decran-2024-11-01-a-16.35.23-768x433.png 768w, https:\/\/aumfilms.eu\/wp-content\/uploads\/2025\/01\/Capture-decran-2024-11-01-a-16.35.23-1536x866.png 1536w, https:\/\/aumfilms.eu\/wp-content\/uploads\/2025\/01\/Capture-decran-2024-11-01-a-16.35.23.png 1915w\" sizes=\"auto, (max-width: 1024px) 100vw, 1024px\" \/><\/figure>\n\n\n\n<figure class=\"wp-block-image size-large\"><img loading=\"lazy\" decoding=\"async\" width=\"1024\" height=\"576\" data-id=\"1324\" src=\"https:\/\/aumfilms.eu\/wp-content\/uploads\/2025\/01\/Capture-decran-2024-11-01-a-16.40.36-1024x576.png\" alt=\"\" class=\"wp-image-1324\" srcset=\"https:\/\/aumfilms.eu\/wp-content\/uploads\/2025\/01\/Capture-decran-2024-11-01-a-16.40.36-1024x576.png 1024w, https:\/\/aumfilms.eu\/wp-content\/uploads\/2025\/01\/Capture-decran-2024-11-01-a-16.40.36-300x169.png 300w, https:\/\/aumfilms.eu\/wp-content\/uploads\/2025\/01\/Capture-decran-2024-11-01-a-16.40.36-768x432.png 768w, https:\/\/aumfilms.eu\/wp-content\/uploads\/2025\/01\/Capture-decran-2024-11-01-a-16.40.36-1536x864.png 1536w, https:\/\/aumfilms.eu\/wp-content\/uploads\/2025\/01\/Capture-decran-2024-11-01-a-16.40.36.png 1915w\" sizes=\"auto, (max-width: 1024px) 100vw, 1024px\" \/><\/figure>\n\n\n\n<figure class=\"wp-block-image size-large\"><img loading=\"lazy\" decoding=\"async\" width=\"1024\" height=\"574\" data-id=\"1327\" src=\"https:\/\/aumfilms.eu\/wp-content\/uploads\/2025\/01\/Capture-decran-2024-11-01-a-16.42.06-1024x574.png\" alt=\"\" class=\"wp-image-1327\" srcset=\"https:\/\/aumfilms.eu\/wp-content\/uploads\/2025\/01\/Capture-decran-2024-11-01-a-16.42.06-1024x574.png 1024w, https:\/\/aumfilms.eu\/wp-content\/uploads\/2025\/01\/Capture-decran-2024-11-01-a-16.42.06-300x168.png 300w, https:\/\/aumfilms.eu\/wp-content\/uploads\/2025\/01\/Capture-decran-2024-11-01-a-16.42.06-768x430.png 768w, https:\/\/aumfilms.eu\/wp-content\/uploads\/2025\/01\/Capture-decran-2024-11-01-a-16.42.06-1536x861.png 1536w, https:\/\/aumfilms.eu\/wp-content\/uploads\/2025\/01\/Capture-decran-2024-11-01-a-16.42.06.png 1918w\" sizes=\"auto, (max-width: 1024px) 100vw, 1024px\" \/><\/figure>\n<\/figure>\n\n\n\n<p class=\"has-text-align-center has-body-font-family\" style=\"margin-top:0;margin-bottom:0;font-size:clamp(25.5px, 1.594rem + ((1vw - 3.2px) * 1.823), 43px);line-height:1.5\"><br>Dossier de presse :<\/p>\n\n\n\n<div class=\"wp-block-group has-global-padding is-layout-constrained wp-block-group-is-layout-constrained\">\n<div class=\"wp-block-group alignfull has-global-padding is-layout-constrained wp-block-group-is-layout-constrained\">\n<div class=\"wp-block-file aligncenter has-background has-link-color wp-elements-e5589466034da6c791af0c6a676d7ea4\" style=\"border-style:none;border-width:0px;background-color:#41801d;margin-top:0;margin-right:0;margin-bottom:0;margin-left:0;padding-top:var(--wp--preset--spacing--10);padding-right:var(--wp--preset--spacing--10);padding-bottom:var(--wp--preset--spacing--10);padding-left:var(--wp--preset--spacing--10)\"><a id=\"wp-block-file--media-bb65b2f9-8424-4bce-9cf7-66d5b681c43c\" href=\"http:\/\/aumfilms.eu\/wp-content\/uploads\/2025\/01\/EMMA_DP-1.pdf\">                    <kbd>EMMA_DP<\/kbd>            <\/a><a href=\"http:\/\/aumfilms.eu\/wp-content\/uploads\/2025\/01\/EMMA_DP-1.pdf\" class=\"wp-block-file__button wp-element-button\" download aria-describedby=\"wp-block-file--media-bb65b2f9-8424-4bce-9cf7-66d5b681c43c\">T\u00e9l\u00e9charger<\/a><\/div>\n<\/div>\n\n\n\n<p class=\"has-accent-2-color has-text-color has-link-color has-body-font-family wp-elements-bc175beb08162c435e2bc929f912e00d\" style=\"font-size:clamp(17.371px, 1.086rem + ((1vw - 3.2px) * 1.003), 27px);\"><a href=\"https:\/\/aumfilms.eu\/?attachment_id=1333\"><\/a><\/p>\n<\/div>\n","protected":false},"excerpt":{"rendered":"<p>Emma un film de Laurence Kirsch Le film raconte une crise d&rsquo;adolescence, celle d&rsquo;Emma, il interroge aussi ure \u00e9poque, une g\u00e9n\u00e9ration en manque et en qu\u00eate de rep\u00e8re. Entre la volont\u00e9 de se lib\u00e9rer de ses carcans et la recherche d&rsquo;un cadre rassurant, Emma devient une femme. C&rsquo;est sur ce passage, cette sortie vers le [&hellip;]<\/p>\n","protected":false},"author":1,"featured_media":0,"parent":0,"menu_order":0,"comment_status":"closed","ping_status":"closed","template":"","meta":{"footnotes":""},"class_list":["post-1306","page","type-page","status-publish","hentry"],"_links":{"self":[{"href":"https:\/\/aumfilms.eu\/index.php?rest_route=\/wp\/v2\/pages\/1306","targetHints":{"allow":["GET"]}}],"collection":[{"href":"https:\/\/aumfilms.eu\/index.php?rest_route=\/wp\/v2\/pages"}],"about":[{"href":"https:\/\/aumfilms.eu\/index.php?rest_route=\/wp\/v2\/types\/page"}],"author":[{"embeddable":true,"href":"https:\/\/aumfilms.eu\/index.php?rest_route=\/wp\/v2\/users\/1"}],"replies":[{"embeddable":true,"href":"https:\/\/aumfilms.eu\/index.php?rest_route=%2Fwp%2Fv2%2Fcomments&post=1306"}],"version-history":[{"count":11,"href":"https:\/\/aumfilms.eu\/index.php?rest_route=\/wp\/v2\/pages\/1306\/revisions"}],"predecessor-version":[{"id":1431,"href":"https:\/\/aumfilms.eu\/index.php?rest_route=\/wp\/v2\/pages\/1306\/revisions\/1431"}],"wp:attachment":[{"href":"https:\/\/aumfilms.eu\/index.php?rest_route=%2Fwp%2Fv2%2Fmedia&parent=1306"}],"curies":[{"name":"wp","href":"https:\/\/api.w.org\/{rel}","templated":true}]}}