{"id":1252,"date":"2025-01-27T16:04:42","date_gmt":"2025-01-27T15:04:42","guid":{"rendered":"https:\/\/aumfilms.eu\/?page_id=1252"},"modified":"2025-02-20T12:54:02","modified_gmt":"2025-02-20T11:54:02","slug":"la-fille-au-scooter","status":"publish","type":"page","link":"https:\/\/aumfilms.eu\/?page_id=1252","title":{"rendered":"La fille au scooter"},"content":{"rendered":"\n<h2 class=\"wp-block-heading alignwide has-text-color has-link-color has-body-font-family wp-elements-6c4538ba9b8ac8ae6e37fccb670c0c5b\" style=\"color:#f7a4a4;font-size:clamp(50.171px, 3.136rem + ((1vw - 3.2px) * 5.191), 100px);font-style:normal;font-weight:700\">La fille au scooter<\/h2>\n\n\n\n<div class=\"wp-block-group alignwide has-global-padding is-layout-constrained wp-block-group-is-layout-constrained\">\n<div class=\"wp-block-columns alignwide is-layout-flex wp-container-core-columns-is-layout-28f84493 wp-block-columns-is-layout-flex\">\n<div class=\"wp-block-column is-vertically-aligned-top is-layout-flow wp-block-column-is-layout-flow\" style=\"flex-basis:100%\">\n<div class=\"wp-block-group is-nowrap is-layout-flex wp-container-core-group-is-layout-6c531013 wp-block-group-is-layout-flex\">\n<p class=\"has-contrast-3-color has-text-color has-link-color has-system-serif-font-family wp-elements-ec9679141caae9c3212545673acbb636\" style=\"font-size:clamp(16.293px, 1.018rem + ((1vw - 3.2px) * 0.907), 25px);font-style:italic;font-weight:600;line-height:0.3\"><br>un film de<\/p>\n\n\n\n<p class=\"has-text-align-center has-text-color has-link-color has-system-serif-font-family wp-elements-2c6980796aaddd19951a132c13354d23\" style=\"color:#12121285;font-size:clamp(24.034px, 1.502rem + ((1vw - 3.2px) * 1.663), 40px);font-style:normal;font-weight:600\">Dima El-Hoor<\/p>\n<\/div>\n<\/div>\n<\/div>\n<\/div>\n\n\n\n<div class=\"wp-block-media-text alignwide is-stacked-on-mobile\"><figure class=\"wp-block-media-text__media\"><img decoding=\"async\" src=\"http:\/\/aumfilms.eu\/wp-content\/uploads\/2025\/01\/4-1024x768.jpg\" alt=\"\" class=\"wp-image-1179 size-full\"\/><\/figure><div class=\"wp-block-media-text__content\">\n<p class=\"has-heading-font-family\" style=\"font-style:normal;font-weight:400\"><br><br><br><br>Zeinab 26 ans est une jeune femme chiite qui porte le voile, travaille sur le terrain comme repr\u00e9sentante d\u2019une association qui octroie des micro-cr\u00e9dits \u00e0 des particuliers dans les quartiers populaires de la banlieue sud de Beyrouth et circule \u00e0 scooter gris &#8211; qui va devenir rose &#8211; pour concurrencer ses coll\u00e8gues masculins, qui, parce qu\u2019ils se d\u00e9pla\u00e7aient plus vite faisaient de meilleurs chiffres d\u2019affaire que les filles.<\/p>\n\n\n\n<p class=\"has-heading-font-family\" style=\"font-style:normal;font-weight:400\">Zeinab vit avec sa m\u00e8re qu\u2019elle entretient, fr\u00e9quente Ibrahim, avec qui elle a une relation orageuse qu\u2019elle ne se d\u00e9cide pas \u00e0 \u00e9pouser, mais \u00e0 qui elle est attach\u00e9e.&nbsp;<\/p>\n\n\n\n<p class=\"has-heading-font-family\" style=\"font-style:normal;font-weight:400\">En d\u00e9pit de ses contradictions et en affichant son d\u00e9sir d\u2019\u00e9mancipation et de libert\u00e9, Zeinab, bouscule les st\u00e9r\u00e9otypes et d\u00e9fie avec audace les normes les plus traditionnelles impos\u00e9es par sa famille et par la soci\u00e9t\u00e9. Ainsi, Zeinab manifeste toute sa singularit\u00e9.<\/p>\n<\/div><\/div>\n\n\n\n<figure class=\"wp-block-gallery alignwide has-nested-images columns-default is-cropped wp-block-gallery-1 is-layout-flex wp-block-gallery-is-layout-flex\">\n<figure class=\"wp-block-image aligncenter size-large\"><img loading=\"lazy\" decoding=\"async\" width=\"1024\" height=\"576\" data-id=\"1398\" src=\"https:\/\/aumfilms.eu\/wp-content\/uploads\/2025\/01\/ZEINAB_PIISCINE-1024x576.jpg\" alt=\"\" class=\"wp-image-1398\" srcset=\"https:\/\/aumfilms.eu\/wp-content\/uploads\/2025\/01\/ZEINAB_PIISCINE-1024x576.jpg 1024w, https:\/\/aumfilms.eu\/wp-content\/uploads\/2025\/01\/ZEINAB_PIISCINE-300x169.jpg 300w, https:\/\/aumfilms.eu\/wp-content\/uploads\/2025\/01\/ZEINAB_PIISCINE-768x432.jpg 768w, https:\/\/aumfilms.eu\/wp-content\/uploads\/2025\/01\/ZEINAB_PIISCINE-1536x863.jpg 1536w, https:\/\/aumfilms.eu\/wp-content\/uploads\/2025\/01\/ZEINAB_PIISCINE.jpg 1772w\" sizes=\"auto, (max-width: 1024px) 100vw, 1024px\" \/><\/figure>\n\n\n\n<figure class=\"wp-block-image size-large\"><img loading=\"lazy\" decoding=\"async\" width=\"1024\" height=\"576\" data-id=\"1397\" src=\"https:\/\/aumfilms.eu\/wp-content\/uploads\/2025\/01\/ZEINAB_MERE-1024x576.jpg\" alt=\"\" class=\"wp-image-1397\" srcset=\"https:\/\/aumfilms.eu\/wp-content\/uploads\/2025\/01\/ZEINAB_MERE-1024x576.jpg 1024w, https:\/\/aumfilms.eu\/wp-content\/uploads\/2025\/01\/ZEINAB_MERE-300x169.jpg 300w, https:\/\/aumfilms.eu\/wp-content\/uploads\/2025\/01\/ZEINAB_MERE-768x432.jpg 768w, https:\/\/aumfilms.eu\/wp-content\/uploads\/2025\/01\/ZEINAB_MERE-1536x863.jpg 1536w, https:\/\/aumfilms.eu\/wp-content\/uploads\/2025\/01\/ZEINAB_MERE.jpg 1772w\" sizes=\"auto, (max-width: 1024px) 100vw, 1024px\" \/><\/figure>\n\n\n\n<figure class=\"wp-block-image size-large\"><img loading=\"lazy\" decoding=\"async\" width=\"1024\" height=\"576\" data-id=\"1396\" src=\"https:\/\/aumfilms.eu\/wp-content\/uploads\/2025\/01\/Zeinab-supermarche-5-1024x576.jpg\" alt=\"\" class=\"wp-image-1396\" srcset=\"https:\/\/aumfilms.eu\/wp-content\/uploads\/2025\/01\/Zeinab-supermarche-5-1024x576.jpg 1024w, https:\/\/aumfilms.eu\/wp-content\/uploads\/2025\/01\/Zeinab-supermarche-5-300x169.jpg 300w, https:\/\/aumfilms.eu\/wp-content\/uploads\/2025\/01\/Zeinab-supermarche-5-768x432.jpg 768w, https:\/\/aumfilms.eu\/wp-content\/uploads\/2025\/01\/Zeinab-supermarche-5-1536x864.jpg 1536w, https:\/\/aumfilms.eu\/wp-content\/uploads\/2025\/01\/Zeinab-supermarche-5.jpg 1920w\" sizes=\"auto, (max-width: 1024px) 100vw, 1024px\" \/><\/figure>\n\n\n\n<figure class=\"wp-block-image size-large\" style=\"margin-top:0;margin-bottom:0\"><img loading=\"lazy\" decoding=\"async\" width=\"1024\" height=\"576\" data-id=\"1395\" src=\"https:\/\/aumfilms.eu\/wp-content\/uploads\/2025\/01\/DOHA_ZEINAB_KARAOKE-1024x576.jpg\" alt=\"\" class=\"wp-image-1395\" srcset=\"https:\/\/aumfilms.eu\/wp-content\/uploads\/2025\/01\/DOHA_ZEINAB_KARAOKE-1024x576.jpg 1024w, https:\/\/aumfilms.eu\/wp-content\/uploads\/2025\/01\/DOHA_ZEINAB_KARAOKE-300x169.jpg 300w, https:\/\/aumfilms.eu\/wp-content\/uploads\/2025\/01\/DOHA_ZEINAB_KARAOKE-768x432.jpg 768w, https:\/\/aumfilms.eu\/wp-content\/uploads\/2025\/01\/DOHA_ZEINAB_KARAOKE-1536x864.jpg 1536w, https:\/\/aumfilms.eu\/wp-content\/uploads\/2025\/01\/DOHA_ZEINAB_KARAOKE-2048x1152.jpg 2048w\" sizes=\"auto, (max-width: 1024px) 100vw, 1024px\" \/><\/figure>\n<\/figure>\n\n\n\n<p><br><\/p>\n\n\n\n<figure class=\"wp-block-image alignwide size-full\"><img loading=\"lazy\" decoding=\"async\" width=\"3304\" height=\"1359\" src=\"http:\/\/aumfilms.eu\/wp-content\/uploads\/2025\/02\/La-Fille_LeMonde.png\" alt=\"\" class=\"wp-image-1673\" srcset=\"https:\/\/aumfilms.eu\/wp-content\/uploads\/2025\/02\/La-Fille_LeMonde.png 3304w, https:\/\/aumfilms.eu\/wp-content\/uploads\/2025\/02\/La-Fille_LeMonde-300x123.png 300w, https:\/\/aumfilms.eu\/wp-content\/uploads\/2025\/02\/La-Fille_LeMonde-1024x421.png 1024w, https:\/\/aumfilms.eu\/wp-content\/uploads\/2025\/02\/La-Fille_LeMonde-768x316.png 768w, https:\/\/aumfilms.eu\/wp-content\/uploads\/2025\/02\/La-Fille_LeMonde-1536x632.png 1536w, https:\/\/aumfilms.eu\/wp-content\/uploads\/2025\/02\/La-Fille_LeMonde-2048x842.png 2048w\" sizes=\"auto, (max-width: 3304px) 100vw, 3304px\" \/><\/figure>\n\n\n\n<div class=\"wp-block-group is-nowrap is-layout-flex wp-container-core-group-is-layout-6c531013 wp-block-group-is-layout-flex\">\n<p class=\"has-body-font-family\" style=\"font-size:clamp(17.905px, 1.119rem + ((1vw - 3.2px) * 1.052), 28px);\">Dossier de presse :<\/p>\n\n\n\n<div class=\"wp-block-file aligncenter has-custom-color-9-background-color has-background has-link-color wp-elements-1256a15bee0cdc7c58cc1b43294d60cc\" style=\"border-style:none;border-width:0px;padding-top:var(--wp--preset--spacing--10);padding-right:var(--wp--preset--spacing--10);padding-bottom:var(--wp--preset--spacing--10);padding-left:var(--wp--preset--spacing--10)\"><a id=\"wp-block-file--media-871748eb-d28a-4c65-b8a4-a7b606299c2a\" href=\"https:\/\/aumfilms.eu\/wp-content\/uploads\/2025\/01\/DP_LA_FILLE_AU_SCOOTER_2.pdf\"><kbd>DP_LA_FILLE_AU_SCOOTER<\/kbd>.  <\/a><a href=\"https:\/\/aumfilms.eu\/wp-content\/uploads\/2025\/01\/DP_LA_FILLE_AU_SCOOTER_2.pdf\" class=\"wp-block-file__button wp-element-button\" download aria-describedby=\"wp-block-file--media-871748eb-d28a-4c65-b8a4-a7b606299c2a\">T\u00e9l\u00e9charger<\/a><\/div>\n<\/div>\n","protected":false},"excerpt":{"rendered":"<p>La fille au scooter un film de Dima El-Hoor Zeinab 26 ans est une jeune femme chiite qui porte le voile, travaille sur le terrain comme repr\u00e9sentante d\u2019une association qui octroie des micro-cr\u00e9dits \u00e0 des particuliers dans les quartiers populaires de la banlieue sud de Beyrouth et circule \u00e0 scooter gris &#8211; qui va devenir [&hellip;]<\/p>\n","protected":false},"author":1,"featured_media":0,"parent":0,"menu_order":0,"comment_status":"closed","ping_status":"closed","template":"","meta":{"footnotes":""},"class_list":["post-1252","page","type-page","status-publish","hentry"],"_links":{"self":[{"href":"https:\/\/aumfilms.eu\/index.php?rest_route=\/wp\/v2\/pages\/1252","targetHints":{"allow":["GET"]}}],"collection":[{"href":"https:\/\/aumfilms.eu\/index.php?rest_route=\/wp\/v2\/pages"}],"about":[{"href":"https:\/\/aumfilms.eu\/index.php?rest_route=\/wp\/v2\/types\/page"}],"author":[{"embeddable":true,"href":"https:\/\/aumfilms.eu\/index.php?rest_route=\/wp\/v2\/users\/1"}],"replies":[{"embeddable":true,"href":"https:\/\/aumfilms.eu\/index.php?rest_route=%2Fwp%2Fv2%2Fcomments&post=1252"}],"version-history":[{"count":18,"href":"https:\/\/aumfilms.eu\/index.php?rest_route=\/wp\/v2\/pages\/1252\/revisions"}],"predecessor-version":[{"id":1674,"href":"https:\/\/aumfilms.eu\/index.php?rest_route=\/wp\/v2\/pages\/1252\/revisions\/1674"}],"wp:attachment":[{"href":"https:\/\/aumfilms.eu\/index.php?rest_route=%2Fwp%2Fv2%2Fmedia&parent=1252"}],"curies":[{"name":"wp","href":"https:\/\/api.w.org\/{rel}","templated":true}]}}